{"id":5447,"date":"2025-10-20T13:55:09","date_gmt":"2025-10-20T13:55:09","guid":{"rendered":"https:\/\/cbacred.org.br\/site\/?page_id=5447"},"modified":"2025-10-20T13:55:09","modified_gmt":"2025-10-20T13:55:09","slug":"cases-de-sucesso-2","status":"publish","type":"page","link":"https:\/\/www.cbacred.org.br\/site\/cases-de-sucesso-2\/","title":{"rendered":"CASES DE SUCESSO"},"content":{"rendered":"","protected":false},"excerpt":{"rendered":"","protected":false},"author":2,"featured_media":0,"parent":0,"menu_order":0,"comment_status":"closed","ping_status":"closed","template":"","meta":{"_et_pb_use_builder":"","_et_pb_old_content":"","_et_gb_content_width":"","footnotes":""},"yoast_head":"<!-- This site is optimized with the Yoast SEO plugin v23.1 - https:\/\/yoast.com\/wordpress\/plugins\/seo\/ -->\n<title>CASES DE SUCESSO - CBA<\/title>\n<meta name=\"robots\" content=\"index, follow, max-snippet:-1, max-image-preview:large, max-video-preview:-1\" \/>\n<link rel=\"canonical\" href=\"https:\/\/www.cbacred.org.br\/site\/cases-de-sucesso-2\/\" \/>\n<meta property=\"og:locale\" content=\"pt_BR\" \/>\n<meta property=\"og:type\" content=\"article\" \/>\n<meta property=\"og:title\" content=\"CASES DE SUCESSO - CBA\" \/>\n<meta property=\"og:url\" content=\"https:\/\/www.cbacred.org.br\/site\/cases-de-sucesso-2\/\" \/>\n<meta property=\"og:site_name\" content=\"CBA\" \/>\n<meta name=\"twitter:card\" content=\"summary_large_image\" \/>\n<script type=\"application\/ld+json\" class=\"yoast-schema-graph\">{\"@context\":\"https:\/\/schema.org\",\"@graph\":[{\"@type\":\"WebPage\",\"@id\":\"https:\/\/www.cbacred.org.br\/site\/cases-de-sucesso-2\/\",\"url\":\"https:\/\/www.cbacred.org.br\/site\/cases-de-sucesso-2\/\",\"name\":\"CASES DE SUCESSO - CBA\",\"isPartOf\":{\"@id\":\"https:\/\/cbacred.org.br\/site\/#website\"},\"datePublished\":\"2025-10-20T13:55:09+00:00\",\"dateModified\":\"2025-10-20T13:55:09+00:00\",\"breadcrumb\":{\"@id\":\"https:\/\/www.cbacred.org.br\/site\/cases-de-sucesso-2\/#breadcrumb\"},\"inLanguage\":\"pt-BR\",\"potentialAction\":[{\"@type\":\"ReadAction\",\"target\":[\"https:\/\/www.cbacred.org.br\/site\/cases-de-sucesso-2\/\"]}]},{\"@type\":\"BreadcrumbList\",\"@id\":\"https:\/\/www.cbacred.org.br\/site\/cases-de-sucesso-2\/#breadcrumb\",\"itemListElement\":[{\"@type\":\"ListItem\",\"position\":1,\"name\":\"In\u00edcio\",\"item\":\"https:\/\/cbacred.org.br\/site\/\"},{\"@type\":\"ListItem\",\"position\":2,\"name\":\"CASES DE SUCESSO\"}]},{\"@type\":\"WebSite\",\"@id\":\"https:\/\/cbacred.org.br\/site\/#website\",\"url\":\"https:\/\/cbacred.org.br\/site\/\",\"name\":\"CBA\",\"description\":\"Cons\u00f3rcio Brasileiro de Acredita\u00e7\u00e3o\",\"potentialAction\":[{\"@type\":\"SearchAction\",\"target\":{\"@type\":\"EntryPoint\",\"urlTemplate\":\"https:\/\/cbacred.org.br\/site\/?s={search_term_string}\"},\"query-input\":\"required name=search_term_string\"}],\"inLanguage\":\"pt-BR\"}]}<\/script>\n<!-- \/ Yoast SEO plugin. -->","yoast_head_json":{"title":"CASES DE SUCESSO - CBA","robots":{"index":"index","follow":"follow","max-snippet":"max-snippet:-1","max-image-preview":"max-image-preview:large","max-video-preview":"max-video-preview:-1"},"canonical":"https:\/\/www.cbacred.org.br\/site\/cases-de-sucesso-2\/","og_locale":"pt_BR","og_type":"article","og_title":"CASES DE SUCESSO - CBA","og_url":"https:\/\/www.cbacred.org.br\/site\/cases-de-sucesso-2\/","og_site_name":"CBA","twitter_card":"summary_large_image","schema":{"@context":"https:\/\/schema.org","@graph":[{"@type":"WebPage","@id":"https:\/\/www.cbacred.org.br\/site\/cases-de-sucesso-2\/","url":"https:\/\/www.cbacred.org.br\/site\/cases-de-sucesso-2\/","name":"CASES DE SUCESSO - CBA","isPartOf":{"@id":"https:\/\/cbacred.org.br\/site\/#website"},"datePublished":"2025-10-20T13:55:09+00:00","dateModified":"2025-10-20T13:55:09+00:00","breadcrumb":{"@id":"https:\/\/www.cbacred.org.br\/site\/cases-de-sucesso-2\/#breadcrumb"},"inLanguage":"pt-BR","potentialAction":[{"@type":"ReadAction","target":["https:\/\/www.cbacred.org.br\/site\/cases-de-sucesso-2\/"]}]},{"@type":"BreadcrumbList","@id":"https:\/\/www.cbacred.org.br\/site\/cases-de-sucesso-2\/#breadcrumb","itemListElement":[{"@type":"ListItem","position":1,"name":"In\u00edcio","item":"https:\/\/cbacred.org.br\/site\/"},{"@type":"ListItem","position":2,"name":"CASES DE SUCESSO"}]},{"@type":"WebSite","@id":"https:\/\/cbacred.org.br\/site\/#website","url":"https:\/\/cbacred.org.br\/site\/","name":"CBA","description":"Cons\u00f3rcio Brasileiro de Acredita\u00e7\u00e3o","potentialAction":[{"@type":"SearchAction","target":{"@type":"EntryPoint","urlTemplate":"https:\/\/cbacred.org.br\/site\/?s={search_term_string}"},"query-input":"required name=search_term_string"}],"inLanguage":"pt-BR"}]}},"_links":{"self":[{"href":"https:\/\/www.cbacred.org.br\/site\/wp-json\/wp\/v2\/pages\/5447"}],"collection":[{"href":"https:\/\/www.cbacred.org.br\/site\/wp-json\/wp\/v2\/pages"}],"about":[{"href":"https:\/\/www.cbacred.org.br\/site\/wp-json\/wp\/v2\/types\/page"}],"author":[{"embeddable":true,"href":"https:\/\/www.cbacred.org.br\/site\/wp-json\/wp\/v2\/users\/2"}],"replies":[{"embeddable":true,"href":"https:\/\/www.cbacred.org.br\/site\/wp-json\/wp\/v2\/comments?post=5447"}],"version-history":[{"count":1,"href":"https:\/\/www.cbacred.org.br\/site\/wp-json\/wp\/v2\/pages\/5447\/revisions"}],"predecessor-version":[{"id":5449,"href":"https:\/\/www.cbacred.org.br\/site\/wp-json\/wp\/v2\/pages\/5447\/revisions\/5449"}],"wp:attachment":[{"href":"https:\/\/www.cbacred.org.br\/site\/wp-json\/wp\/v2\/media?parent=5447"}],"curies":[{"name":"wp","href":"https:\/\/api.w.org\/{rel}","templated":true}]}}