{"id":5043,"date":"2024-01-02T17:37:55","date_gmt":"2024-01-02T17:37:55","guid":{"rendered":"https:\/\/cbacred.org.br\/site\/?page_id=5043"},"modified":"2024-01-08T15:35:47","modified_gmt":"2024-01-08T15:35:47","slug":"oferta-cursos-in-company","status":"publish","type":"page","link":"https:\/\/www.cbacred.org.br\/site\/cursos\/oferta-cursos-in-company\/","title":{"rendered":"Oferta Especial Cursos In Company"},"content":{"rendered":"<p>[et_pb_section fb_built=&#8221;1&#8243; custom_padding_last_edited=&#8221;on|phone&#8221; _builder_version=&#8221;4.17.6&#8243; _module_preset=&#8221;default&#8221; background_image=&#8221;https:\/\/cbacred.org.br\/site\/wp-content\/uploads\/2019\/03\/header_cba_geral.png&#8221; background_position=&#8221;top_left&#8221; custom_padding=&#8221;||150px||false|false&#8221; custom_padding_tablet=&#8221;||150px||false|false&#8221; custom_padding_phone=&#8221;||0px||false|false&#8221; global_colors_info=&#8221;{}&#8221;][et_pb_row _builder_version=&#8221;4.17.6&#8243; _module_preset=&#8221;default&#8221; global_colors_info=&#8221;{}&#8221;][et_pb_column type=&#8221;4_4&#8243; _builder_version=&#8221;4.17.6&#8243; _module_preset=&#8221;default&#8221; global_colors_info=&#8221;{}&#8221;][et_pb_divider show_divider=&#8221;off&#8221; _builder_version=&#8221;4.17.6&#8243; _module_preset=&#8221;default&#8221; custom_margin=&#8221;70px||||false|false&#8221; global_colors_info=&#8221;{}&#8221;][\/et_pb_divider][\/et_pb_column][\/et_pb_row][\/et_pb_section][et_pb_section fb_built=&#8221;1&#8243; _builder_version=&#8221;4.17.6&#8243; _module_preset=&#8221;default&#8221; background_image=&#8221;https:\/\/cbacred.org.br\/site\/wp-content\/uploads\/2022\/07\/bg1.png&#8221; background_size=&#8221;initial&#8221; background_position=&#8221;bottom_right&#8221; global_colors_info=&#8221;{}&#8221;][et_pb_row _builder_version=&#8221;4.18.0&#8243; _module_preset=&#8221;default&#8221; background_color=&#8221;#FFFFFF&#8221; custom_margin=&#8221;|||60px|false|false&#8221; global_colors_info=&#8221;{}&#8221;][et_pb_column type=&#8221;4_4&#8243; _builder_version=&#8221;4.17.6&#8243; _module_preset=&#8221;default&#8221; global_colors_info=&#8221;{}&#8221;][et_pb_text _builder_version=&#8221;4.18.0&#8243; _module_preset=&#8221;default&#8221; global_colors_info=&#8221;{}&#8221;]<strong><span style=\"font-size: x-large;\">Cursos Promocionais CBA<\/strong><\/span><\/p>\n<h1><strong>Oferta Especial <\/strong><strong>para turmas <em>in company<\/em><\/strong><\/h1>\n<p>Estamos oferecendo uma oportunidade especial para a realiza\u00e7\u00e3o de cursos com temas selecionados e com instrutores de diferenciada forma\u00e7\u00e3o e experi\u00eancia pr\u00e1tica, integrantes da equipe t\u00e9cnica especializada do CBA. S\u00e3o profissionais integrados e participantes de projetos de educa\u00e7\u00e3o e capacita\u00e7\u00e3o e de avalia\u00e7\u00e3o, utilizando os mais modernos modelos de\u00a0 melhoria de processos, sendo, na atualidade, os mais utilizados em n\u00edvel global.<\/p>\n<p>Os cursos abordam ainda a rela\u00e7\u00e3o dos temas com os padr\u00f5es internacionais adotados pela <em>Joint Commission International<\/em> \u2013 JCI, o que amplia a oportunidade de abordagem sobre a excel\u00eancia em processos de gest\u00e3o e desenvolvimento de melhoria da qualidade e seguran\u00e7a assistencial e operacional. Essa abordagem se aplica apropriadamente, mesmo para institui\u00e7\u00f5es n\u00e3o acreditadas ou que estejam em projetos de prepara\u00e7\u00e3o, pois podem ser aplicados de forma customizada.<\/p>\n<p><strong>\u00a0<\/strong><\/p>\n<h3><strong>Formato dos cursos<\/strong><\/h3>\n<h4><strong>Carga hor\u00e1ria:<\/strong><\/h4>\n<p><strong> <\/strong>16 h \u2013 4 sess\u00f5es de 4 horas (cronograma e hor\u00e1rio a definir)<\/p>\n<h4><strong>Modalidade:<\/strong><\/h4>\n<p><strong> <\/strong>Online ou presencial (a crit\u00e9rio, com custos adicionais sob a responsabilidade da institui\u00e7\u00e3o contratante, quando for em formato presencial)<\/p>\n<h4><strong>N\u00famero de participantes por curso\/tema:<\/strong><\/h4>\n<p> M\u00ednimo 30 (participantes adicionais ser\u00e3o cobrados separadamente). Ser\u00e3o emitidos certificados e fornecido conte\u00fado apresentado no curso.[\/et_pb_text][et_pb_image src=&#8221;https:\/\/cbacred.org.br\/site\/wp-content\/uploads\/2024\/01\/TESTE-SITE-PRECOS-3.png&#8221; title_text=&#8221;.&#8221; _builder_version=&#8221;4.18.0&#8243; _module_preset=&#8221;default&#8221; global_colors_info=&#8221;{}&#8221;][\/et_pb_image][et_pb_text _builder_version=&#8221;4.18.0&#8243; _module_preset=&#8221;default&#8221; custom_margin=&#8221;||17px|||&#8221; global_colors_info=&#8221;{}&#8221;]<\/p>\n<h2>Conhe\u00e7a os cursos dispon\u00edveis[\/et_pb_text][et_pb_slider _builder_version=&#8221;4.18.0&#8243; _module_preset=&#8221;default&#8221; custom_padding=&#8221;46px||91px|||&#8221; global_colors_info=&#8221;{}&#8221;][et_pb_slide heading=&#8221;1. Princ\u00edpios da Ci\u00eancia da Melhoria, e sua aplica\u00e7\u00e3o em Projetos de Melhoria na Sa\u00fade: &#8221; button_text=&#8221;Saiba mais&#8221; button_link=&#8221;https:\/\/whatsa.me\/552132998233&#8243; url_new_window=&#8221;on&#8221; _builder_version=&#8221;4.18.0&#8243; _module_preset=&#8221;default&#8221; background_color=&#8221;#0C71C3&#8243; background_enable_color=&#8221;on&#8221; background_enable_pattern_style=&#8221;on&#8221; background_pattern_style=&#8221;tufted&#8221; global_colors_info=&#8221;{}&#8221; sticky_transition=&#8221;on&#8221;]<\/p>\n<p>O Modelo de Melhoria; Como gerar ideias de mudan\u00e7a; Como criar uma equipe efetiva; Como implementar mudan\u00e7as; Princ\u00edpios do mapeamento de processos: Entendendo o que se quer mudar; Testando suas ideias de mudan\u00e7as; Ferramentas do Modelo de Melhoria: Diagrama de Afinidades Diagrama Direcionar, PDSA, Causa e Efeito; Cases e din\u00e2micas de aprendizado.<\/p>\n<p>[\/et_pb_slide][et_pb_slide heading=&#8221;2. Desfechos Cl\u00ednicos das Linhas de Cuidados Baseados em Valor &#8221; button_text=&#8221;Saiba mais&#8221; button_link=&#8221;https:\/\/whatsa.me\/552132998233&#8243; url_new_window=&#8221;on&#8221; _builder_version=&#8221;4.18.0&#8243; _module_preset=&#8221;default&#8221; background_color=&#8221;#0C71C3&#8243; background_enable_color=&#8221;on&#8221; background_enable_pattern_style=&#8221;on&#8221; background_pattern_style=&#8221;tufted&#8221; global_colors_info=&#8221;{}&#8221; sticky_transition=&#8221;on&#8221;]<\/p>\n<p>Metodologia de Implanta\u00e7\u00e3o e Certifica\u00e7\u00e3o de Linhas de Cuidados; Gest\u00e3o de Valor em Sa\u00fade; Conceitos fundamentais da gera\u00e7\u00e3o de valor em sa\u00fade; Agenda de valor; Metodologia de Implanta\u00e7\u00e3o e Certifica\u00e7\u00e3o de Linhas de Cuidado e Fluxo do Paciente; Cases e din\u00e2micas de aprendizado.<\/p>\n<p>[\/et_pb_slide][et_pb_slide heading=&#8221;3.\tForma\u00e7\u00e3o de Auditores com \u00canfase em Processos Cl\u00ednicos e de Qualidade  &#8221; button_text=&#8221;Saiba mais&#8221; button_link=&#8221;https:\/\/whatsa.me\/552132998233&#8243; url_new_window=&#8221;on&#8221; _builder_version=&#8221;4.18.0&#8243; _module_preset=&#8221;default&#8221; background_color=&#8221;#0C71C3&#8243; background_enable_color=&#8221;on&#8221; background_enable_pattern_style=&#8221;on&#8221; background_pattern_style=&#8221;tufted&#8221; global_colors_info=&#8221;{}&#8221; sticky_transition=&#8221;on&#8221;]<\/p>\n<p>Conceitos aplicados ao processo de auditoria, Refer\u00eancias normativas, Perfil do auditor; Modelos de processos cl\u00ednicos; M\u00e9todos de auditoria; Metodologia de rastreador em processos cl\u00ednicos; Modelagem de relat\u00f3rios de auditoria de qualidade; Cases e din\u00e2micas de aprendizado.<\/p>\n<p>[\/et_pb_slide][et_pb_slide heading=&#8221;4.\tGest\u00e3o de Seguran\u00e7a na Pr\u00e1tica&#8221; button_text=&#8221;Saiba mais&#8221; button_link=&#8221;https:\/\/whatsa.me\/552132998233&#8243; url_new_window=&#8221;on&#8221; _builder_version=&#8221;4.18.0&#8243; _module_preset=&#8221;default&#8221; background_color=&#8221;#0C71C3&#8243; background_enable_color=&#8221;on&#8221; background_enable_pattern_style=&#8221;on&#8221; background_pattern_style=&#8221;tufted&#8221; global_colors_info=&#8221;{}&#8221; sticky_transition=&#8221;on&#8221;]<\/p>\n<p>Como estabelecer um programa institucional de gerenciamento de seguran\u00e7a, estabelecer um NSP e definir as estrat\u00e9gias de prioridades e monitoramento de processos\/atividades. A experi\u00eancia do rastreador de riscos nas avalia\u00e7\u00f5es; Cases e din\u00e2micas de aprendizado.<\/p>\n<p>[\/et_pb_slide][et_pb_slide heading=&#8221;5. Gerenciamento de Risco e de Programa Geral das Instala\u00e7\u00f5es e Infraestrutura na Sa\u00fade&#8221; button_text=&#8221;Saiba mais&#8221; button_link=&#8221;https:\/\/whatsa.me\/552132998233&#8243; url_new_window=&#8221;on&#8221; _builder_version=&#8221;4.18.0&#8243; _module_preset=&#8221;default&#8221; background_color=&#8221;#0C71C3&#8243; background_enable_color=&#8221;on&#8221; background_enable_pattern_style=&#8221;on&#8221; background_pattern_style=&#8221;tufted&#8221; global_colors_info=&#8221;{}&#8221; sticky_transition=&#8221;on&#8221;]<\/p>\n<p>Como desenvolver um programa institucional, considerar principais legisla\u00e7\u00f5es\/regulamentos aplic\u00e1veis e definir as estrat\u00e9gias de prioridades e monitoramento de processos\/atividades; Cases e din\u00e2micas de aprendizado.<\/p>\n<p>[\/et_pb_slide][\/et_pb_slider][\/et_pb_column][\/et_pb_row][et_pb_row _builder_version=&#8221;4.18.0&#8243; _module_preset=&#8221;default&#8221; global_colors_info=&#8221;{}&#8221;][et_pb_column type=&#8221;4_4&#8243; _builder_version=&#8221;4.18.0&#8243; _module_preset=&#8221;default&#8221; global_colors_info=&#8221;{}&#8221;][et_pb_text _builder_version=&#8221;4.18.0&#8243; _module_preset=&#8221;default&#8221; text_font=&#8221;|600|||||||&#8221; text_font_size=&#8221;23px&#8221; global_colors_info=&#8221;{}&#8221;]<\/p>\n<p>Clique abaixo e fale diretamente conosco<\/p>\n<p>[\/et_pb_text][\/et_pb_column][\/et_pb_row][et_pb_row _builder_version=&#8221;4.18.0&#8243; _module_preset=&#8221;default&#8221; custom_margin=&#8221;-25px|auto||auto||&#8221; global_colors_info=&#8221;{}&#8221;][et_pb_column type=&#8221;4_4&#8243; _builder_version=&#8221;4.18.0&#8243; _module_preset=&#8221;default&#8221; global_colors_info=&#8221;{}&#8221;][et_pb_button button_url=&#8221;https:\/\/whatsa.me\/552132998233&#8243; url_new_window=&#8221;on&#8221; button_text=&#8221;WhatsApp CBA&#8221; _builder_version=&#8221;4.18.0&#8243; _module_preset=&#8221;default&#8221; global_colors_info=&#8221;{}&#8221;][\/et_pb_button][\/et_pb_column][\/et_pb_row][\/et_pb_section][et_pb_section fb_built=&#8221;1&#8243; admin_label=&#8221;Footer&#8221; _builder_version=&#8221;4.17.6&#8243; _module_preset=&#8221;default&#8221; background_enable_color=&#8221;off&#8221; background_image=&#8221;https:\/\/cbacred.org.br\/site\/wp-content\/uploads\/2022\/07\/bg2.png&#8221; background_size=&#8221;initial&#8221; background_position=&#8221;top_right&#8221; min_height=&#8221;376.8px&#8221; custom_margin=&#8221;||||false|false&#8221; custom_padding=&#8221;0px||||false|false&#8221; background_last_edited=&#8221;on|desktop&#8221; background_size_phone=&#8221;cover&#8221; background_position_phone=&#8221;top_left&#8221; background_horizontal_offset_tablet=&#8221;7%&#8221; background_horizontal_offset_phone=&#8221;74%&#8221; global_module=&#8221;4023&#8243; saved_tabs=&#8221;all&#8221; locked=&#8221;off&#8221; collapsed=&#8221;on&#8221; global_colors_info=&#8221;{}&#8221;][et_pb_row column_structure=&#8221;1_4,1_4,1_4,1_4&#8243; _builder_version=&#8221;4.17.6&#8243; _module_preset=&#8221;default&#8221; collapsed=&#8221;on&#8221; global_colors_info=&#8221;{}&#8221;][et_pb_column type=&#8221;1_4&#8243; _builder_version=&#8221;4.16&#8243; _module_preset=&#8221;default&#8221; global_colors_info=&#8221;{}&#8221;][et_pb_social_media_follow use_icon_font_size=&#8221;on&#8221; icon_font_size=&#8221;21px&#8221; _builder_version=&#8221;4.18.0&#8243; _module_preset=&#8221;default&#8221; text_orientation=&#8221;left&#8221; custom_margin=&#8221;||0px||false|false&#8221; custom_padding=&#8221;||0px||false|false&#8221; border_radii=&#8221;on|100px|100px|100px|100px&#8221; border_width_all=&#8221;9px&#8221; border_color_all=&#8221;gcid-8c44f9b7-265f-47ed-9c7c-298d05c12eee&#8221; global_colors_info=&#8221;{%22gcid-8c44f9b7-265f-47ed-9c7c-298d05c12eee%22:%91%22border_color_all%22%93}&#8221;][et_pb_social_media_follow_network social_network=&#8221;linkedin&#8221; url=&#8221;https:\/\/www.linkedin.com\/company\/acreditacaointernacional\/&#8221; _builder_version=&#8221;4.17.6&#8243; _module_preset=&#8221;default&#8221; background_color=&#8221;#007bb6&#8243; global_colors_info=&#8221;{}&#8221;]linkedin[\/et_pb_social_media_follow_network][et_pb_social_media_follow_network social_network=&#8221;whatsapp&#8221; url=&#8221;https:\/\/wa.me\/552132998233&#8243; _builder_version=&#8221;4.18.0&#8243; _module_preset=&#8221;default&#8221; background_color=&#8221;#25D366&#8243; global_colors_info=&#8221;{}&#8221;]whatsapp[\/et_pb_social_media_follow_network][et_pb_social_media_follow_network social_network=&#8221;instagram&#8221; url=&#8221;https:\/\/www.instagram.com\/acreditacaointernacional\/&#8221; _builder_version=&#8221;4.17.6&#8243; _module_preset=&#8221;default&#8221; background_color=&#8221;#ea2c59&#8243; global_colors_info=&#8221;{}&#8221;]instagram[\/et_pb_social_media_follow_network][et_pb_social_media_follow_network social_network=&#8221;youtube&#8221; url=&#8221;https:\/\/www.youtube.com\/channel\/UCygjfiR8EdoS39e0YzJqaXg&#8221; _builder_version=&#8221;4.18.0&#8243; _module_preset=&#8221;default&#8221; background_color=&#8221;#a82400&#8243; global_colors_info=&#8221;{}&#8221;]youtube[\/et_pb_social_media_follow_network][\/et_pb_social_media_follow][\/et_pb_column][et_pb_column type=&#8221;1_4&#8243; _builder_version=&#8221;4.16&#8243; _module_preset=&#8221;default&#8221; global_colors_info=&#8221;{}&#8221;][et_pb_text content_tablet=&#8221;&#8221; content_phone=&#8221;<\/p>\n<h3>Rio de Janeiro<\/h3>\n<p>R. da Alf\u00e2ndega, 100\/3\u00ba andar,<br \/>Centro &#8211; Rio de Janeiro \u2013 RJ<\/p>\n<p>&#8221; content_last_edited=&#8221;on|phone&#8221; _builder_version=&#8221;4.17.6&#8243; _module_preset=&#8221;29bb3e4b-c4aa-4616-b935-758c4e4734e8&#8243; text_font=&#8221;Raleway||||||||&#8221; text_text_color=&#8221;#FFFFFF&#8221; text_font_size=&#8221;16px&#8221; header_font=&#8221;||||||||&#8221; header_3_font=&#8221;Poppins|600|||||||&#8221; header_3_text_color=&#8221;#FFFFFF&#8221; header_3_font_size=&#8221;20px&#8221; header_3_line_height=&#8221;1.5em&#8221; custom_margin=&#8221;||10px||false|false&#8221; header_3_font_size_tablet=&#8221;18px&#8221; header_3_font_size_phone=&#8221;16px&#8221; header_3_font_size_last_edited=&#8221;on|tablet&#8221; header_3_line_height_tablet=&#8221;1.7em&#8221; header_3_line_height_phone=&#8221;1.8em&#8221; header_3_line_height_last_edited=&#8221;on|phone&#8221; locked=&#8221;off&#8221; global_colors_info=&#8221;{}&#8221;]<\/p>\n<h3>Rio de Janeiro<\/h3>\n<p>R. da Alf\u00e2ndega, 100\/3\u00ba andar,<br \/>Centro &#8211; Rio de Janeiro \u2013 RJ<\/p>\n<p>&nbsp;<\/p>\n<p>&nbsp;<\/p>\n<p>[\/et_pb_text][\/et_pb_column][et_pb_column type=&#8221;1_4&#8243; _builder_version=&#8221;4.18.0&#8243; _module_preset=&#8221;default&#8221; global_colors_info=&#8221;{}&#8221;][\/et_pb_column][et_pb_column type=&#8221;1_4&#8243; _builder_version=&#8221;4.16&#8243; _module_preset=&#8221;default&#8221; global_colors_info=&#8221;{}&#8221;][et_pb_button button_url=&#8221;#&#8221; button_text=&#8221;+55 21 3299-8200&#8243; button_alignment=&#8221;left&#8221; _builder_version=&#8221;4.17.6&#8243; _module_preset=&#8221;default&#8221; custom_button=&#8221;on&#8221; button_text_size=&#8221;17px&#8221; button_border_width=&#8221;0px&#8221; button_icon=&#8221;&#xe090;||divi||400&#8243; button_icon_color=&#8221;#FFFFFF&#8221; button_icon_placement=&#8221;left&#8221; button_on_hover=&#8221;off&#8221; background_layout=&#8221;dark&#8221; custom_margin=&#8221;0px||0px||false|false&#8221; custom_padding=&#8221;0px||0px||false|false&#8221; global_colors_info=&#8221;{}&#8221;][\/et_pb_button][et_pb_button button_url=&#8221;mailto:cba@cbared.org.br&#8221; url_new_window=&#8221;on&#8221; button_text=&#8221;cba@cbacred.org.br&#8221; button_alignment=&#8221;left&#8221; _builder_version=&#8221;4.18.0&#8243; _module_preset=&#8221;default&#8221; custom_button=&#8221;on&#8221; button_text_size=&#8221;17px&#8221; button_border_width=&#8221;0px&#8221; button_icon=&#8221;&#xe076;||divi||400&#8243; button_icon_color=&#8221;#FFFFFF&#8221; button_icon_placement=&#8221;left&#8221; button_on_hover=&#8221;off&#8221; background_layout=&#8221;dark&#8221; custom_margin=&#8221;0px||0px||false|false&#8221; custom_padding=&#8221;0px||0px||false|false&#8221; global_colors_info=&#8221;{}&#8221;][\/et_pb_button][\/et_pb_column][\/et_pb_row][et_pb_row _builder_version=&#8221;4.18.0&#8243; _module_preset=&#8221;default&#8221; collapsed=&#8221;off&#8221; global_colors_info=&#8221;{}&#8221;][et_pb_column type=&#8221;4_4&#8243; _builder_version=&#8221;4.18.0&#8243; _module_preset=&#8221;default&#8221; global_colors_info=&#8221;{}&#8221;][et_pb_text _builder_version=&#8221;4.18.0&#8243; _module_preset=&#8221;default&#8221; text_text_color=&#8221;#FFFFFF&#8221; link_text_color=&#8221;#FFFFFF&#8221; global_colors_info=&#8221;{}&#8221;]<\/p>\n<p><span>2022 \u00a9\u00a0 Cons\u00f3rcio Brasileiro de Acredita\u00e7\u00e3o &#8211; Todos os direitos reservados\u00a0 \u00a0| \u00a0\u00a0 <\/span><strong><a href=\"https:\/\/cbacred.org.br\/site\/politica-de-privacidade\/\">Pol\u00edtica de privacidade<\/a><\/strong><\/p>\n<p>[\/et_pb_text][\/et_pb_column][\/et_pb_row][\/et_pb_section]<\/p>\n","protected":false},"excerpt":{"rendered":"<p>Cursos Promocionais CBA Oferta Especial para turmas in company Estamos oferecendo uma oportunidade especial para a realiza\u00e7\u00e3o de cursos com temas selecionados e com instrutores de diferenciada forma\u00e7\u00e3o e experi\u00eancia pr\u00e1tica, integrantes da equipe t\u00e9cnica especializada do CBA. S\u00e3o profissionais integrados e participantes de projetos de educa\u00e7\u00e3o e capacita\u00e7\u00e3o e de avalia\u00e7\u00e3o, utilizando os mais [&hellip;]<\/p>\n","protected":false},"author":2,"featured_media":0,"parent":4235,"menu_order":0,"comment_status":"closed","ping_status":"closed","template":"","meta":{"_et_pb_use_builder":"on","_et_pb_old_content":"","_et_gb_content_width":"","footnotes":""},"yoast_head":"<!-- This site is optimized with the Yoast SEO plugin v23.1 - https:\/\/yoast.com\/wordpress\/plugins\/seo\/ -->\n<title>Oferta Especial Cursos In Company - CBA<\/title>\n<meta name=\"robots\" content=\"index, follow, max-snippet:-1, max-image-preview:large, max-video-preview:-1\" \/>\n<link rel=\"canonical\" href=\"https:\/\/www.cbacred.org.br\/site\/cursos\/oferta-cursos-in-company\/\" \/>\n<meta property=\"og:locale\" content=\"pt_BR\" \/>\n<meta property=\"og:type\" content=\"article\" \/>\n<meta property=\"og:title\" content=\"Oferta Especial Cursos In Company - CBA\" \/>\n<meta property=\"og:description\" content=\"Cursos Promocionais CBA Oferta Especial para turmas in company Estamos oferecendo uma oportunidade especial para a realiza\u00e7\u00e3o de cursos com temas selecionados e com instrutores de diferenciada forma\u00e7\u00e3o e experi\u00eancia pr\u00e1tica, integrantes da equipe t\u00e9cnica especializada do CBA. S\u00e3o profissionais integrados e participantes de projetos de educa\u00e7\u00e3o e capacita\u00e7\u00e3o e de avalia\u00e7\u00e3o, utilizando os mais [&hellip;]\" \/>\n<meta property=\"og:url\" content=\"https:\/\/www.cbacred.org.br\/site\/cursos\/oferta-cursos-in-company\/\" \/>\n<meta property=\"og:site_name\" content=\"CBA\" \/>\n<meta property=\"article:modified_time\" content=\"2024-01-08T15:35:47+00:00\" \/>\n<meta name=\"twitter:card\" content=\"summary_large_image\" \/>\n<meta name=\"twitter:label1\" content=\"Est. tempo de leitura\" \/>\n\t<meta name=\"twitter:data1\" content=\"9 minutos\" \/>\n<script type=\"application\/ld+json\" class=\"yoast-schema-graph\">{\"@context\":\"https:\/\/schema.org\",\"@graph\":[{\"@type\":\"WebPage\",\"@id\":\"https:\/\/www.cbacred.org.br\/site\/cursos\/oferta-cursos-in-company\/\",\"url\":\"https:\/\/www.cbacred.org.br\/site\/cursos\/oferta-cursos-in-company\/\",\"name\":\"Oferta Especial Cursos In Company - CBA\",\"isPartOf\":{\"@id\":\"https:\/\/cbacred.org.br\/site\/#website\"},\"datePublished\":\"2024-01-02T17:37:55+00:00\",\"dateModified\":\"2024-01-08T15:35:47+00:00\",\"breadcrumb\":{\"@id\":\"https:\/\/www.cbacred.org.br\/site\/cursos\/oferta-cursos-in-company\/#breadcrumb\"},\"inLanguage\":\"pt-BR\",\"potentialAction\":[{\"@type\":\"ReadAction\",\"target\":[\"https:\/\/www.cbacred.org.br\/site\/cursos\/oferta-cursos-in-company\/\"]}]},{\"@type\":\"BreadcrumbList\",\"@id\":\"https:\/\/www.cbacred.org.br\/site\/cursos\/oferta-cursos-in-company\/#breadcrumb\",\"itemListElement\":[{\"@type\":\"ListItem\",\"position\":1,\"name\":\"In\u00edcio\",\"item\":\"https:\/\/cbacred.org.br\/site\/\"},{\"@type\":\"ListItem\",\"position\":2,\"name\":\"Cursos\",\"item\":\"https:\/\/cbacred.org.br\/site\/cursos\/\"},{\"@type\":\"ListItem\",\"position\":3,\"name\":\"Oferta Especial Cursos In Company\"}]},{\"@type\":\"WebSite\",\"@id\":\"https:\/\/cbacred.org.br\/site\/#website\",\"url\":\"https:\/\/cbacred.org.br\/site\/\",\"name\":\"CBA\",\"description\":\"Cons\u00f3rcio Brasileiro de Acredita\u00e7\u00e3o\",\"potentialAction\":[{\"@type\":\"SearchAction\",\"target\":{\"@type\":\"EntryPoint\",\"urlTemplate\":\"https:\/\/cbacred.org.br\/site\/?s={search_term_string}\"},\"query-input\":\"required name=search_term_string\"}],\"inLanguage\":\"pt-BR\"}]}<\/script>\n<!-- \/ Yoast SEO plugin. -->","yoast_head_json":{"title":"Oferta Especial Cursos In Company - CBA","robots":{"index":"index","follow":"follow","max-snippet":"max-snippet:-1","max-image-preview":"max-image-preview:large","max-video-preview":"max-video-preview:-1"},"canonical":"https:\/\/www.cbacred.org.br\/site\/cursos\/oferta-cursos-in-company\/","og_locale":"pt_BR","og_type":"article","og_title":"Oferta Especial Cursos In Company - CBA","og_description":"Cursos Promocionais CBA Oferta Especial para turmas in company Estamos oferecendo uma oportunidade especial para a realiza\u00e7\u00e3o de cursos com temas selecionados e com instrutores de diferenciada forma\u00e7\u00e3o e experi\u00eancia pr\u00e1tica, integrantes da equipe t\u00e9cnica especializada do CBA. S\u00e3o profissionais integrados e participantes de projetos de educa\u00e7\u00e3o e capacita\u00e7\u00e3o e de avalia\u00e7\u00e3o, utilizando os mais [&hellip;]","og_url":"https:\/\/www.cbacred.org.br\/site\/cursos\/oferta-cursos-in-company\/","og_site_name":"CBA","article_modified_time":"2024-01-08T15:35:47+00:00","twitter_card":"summary_large_image","twitter_misc":{"Est. tempo de leitura":"9 minutos"},"schema":{"@context":"https:\/\/schema.org","@graph":[{"@type":"WebPage","@id":"https:\/\/www.cbacred.org.br\/site\/cursos\/oferta-cursos-in-company\/","url":"https:\/\/www.cbacred.org.br\/site\/cursos\/oferta-cursos-in-company\/","name":"Oferta Especial Cursos In Company - CBA","isPartOf":{"@id":"https:\/\/cbacred.org.br\/site\/#website"},"datePublished":"2024-01-02T17:37:55+00:00","dateModified":"2024-01-08T15:35:47+00:00","breadcrumb":{"@id":"https:\/\/www.cbacred.org.br\/site\/cursos\/oferta-cursos-in-company\/#breadcrumb"},"inLanguage":"pt-BR","potentialAction":[{"@type":"ReadAction","target":["https:\/\/www.cbacred.org.br\/site\/cursos\/oferta-cursos-in-company\/"]}]},{"@type":"BreadcrumbList","@id":"https:\/\/www.cbacred.org.br\/site\/cursos\/oferta-cursos-in-company\/#breadcrumb","itemListElement":[{"@type":"ListItem","position":1,"name":"In\u00edcio","item":"https:\/\/cbacred.org.br\/site\/"},{"@type":"ListItem","position":2,"name":"Cursos","item":"https:\/\/cbacred.org.br\/site\/cursos\/"},{"@type":"ListItem","position":3,"name":"Oferta Especial Cursos In Company"}]},{"@type":"WebSite","@id":"https:\/\/cbacred.org.br\/site\/#website","url":"https:\/\/cbacred.org.br\/site\/","name":"CBA","description":"Cons\u00f3rcio Brasileiro de Acredita\u00e7\u00e3o","potentialAction":[{"@type":"SearchAction","target":{"@type":"EntryPoint","urlTemplate":"https:\/\/cbacred.org.br\/site\/?s={search_term_string}"},"query-input":"required name=search_term_string"}],"inLanguage":"pt-BR"}]}},"_links":{"self":[{"href":"https:\/\/www.cbacred.org.br\/site\/wp-json\/wp\/v2\/pages\/5043"}],"collection":[{"href":"https:\/\/www.cbacred.org.br\/site\/wp-json\/wp\/v2\/pages"}],"about":[{"href":"https:\/\/www.cbacred.org.br\/site\/wp-json\/wp\/v2\/types\/page"}],"author":[{"embeddable":true,"href":"https:\/\/www.cbacred.org.br\/site\/wp-json\/wp\/v2\/users\/2"}],"replies":[{"embeddable":true,"href":"https:\/\/www.cbacred.org.br\/site\/wp-json\/wp\/v2\/comments?post=5043"}],"version-history":[{"count":11,"href":"https:\/\/www.cbacred.org.br\/site\/wp-json\/wp\/v2\/pages\/5043\/revisions"}],"predecessor-version":[{"id":5067,"href":"https:\/\/www.cbacred.org.br\/site\/wp-json\/wp\/v2\/pages\/5043\/revisions\/5067"}],"up":[{"embeddable":true,"href":"https:\/\/www.cbacred.org.br\/site\/wp-json\/wp\/v2\/pages\/4235"}],"wp:attachment":[{"href":"https:\/\/www.cbacred.org.br\/site\/wp-json\/wp\/v2\/media?parent=5043"}],"curies":[{"name":"wp","href":"https:\/\/api.w.org\/{rel}","templated":true}]}}