{"id":4265,"date":"2022-09-13T21:22:43","date_gmt":"2022-09-13T21:22:43","guid":{"rendered":"http:\/\/cbacred.org.br\/site\/?page_id=4265"},"modified":"2022-10-11T19:36:30","modified_gmt":"2022-10-11T19:36:30","slug":"desfechos-clinicos-das-linhas-de-cuidado-baseados-em-valor","status":"publish","type":"page","link":"https:\/\/www.cbacred.org.br\/site\/cursos\/desfechos-clinicos-das-linhas-de-cuidado-baseados-em-valor\/","title":{"rendered":"Desfechos cl\u00ednicos das linhas de cuidado baseados em valor"},"content":{"rendered":"<p>[et_pb_section fb_built=&#8221;1&#8243; custom_padding_last_edited=&#8221;on|phone&#8221; _builder_version=&#8221;4.17.6&#8243; _module_preset=&#8221;default&#8221; background_image=&#8221;https:\/\/cbacred.org.br\/site\/wp-content\/uploads\/2019\/03\/header_cba_geral.png&#8221; background_position=&#8221;top_left&#8221; custom_padding=&#8221;||150px||false|false&#8221; custom_padding_tablet=&#8221;||150px||false|false&#8221; custom_padding_phone=&#8221;||0px||false|false&#8221; global_colors_info=&#8221;{}&#8221;][et_pb_row _builder_version=&#8221;4.17.6&#8243; _module_preset=&#8221;default&#8221; global_colors_info=&#8221;{}&#8221;][et_pb_column type=&#8221;4_4&#8243; _builder_version=&#8221;4.17.6&#8243; _module_preset=&#8221;default&#8221; global_colors_info=&#8221;{}&#8221;][et_pb_divider show_divider=&#8221;off&#8221; _builder_version=&#8221;4.17.6&#8243; _module_preset=&#8221;default&#8221; custom_margin=&#8221;70px||||false|false&#8221; global_colors_info=&#8221;{}&#8221;][\/et_pb_divider][\/et_pb_column][\/et_pb_row][\/et_pb_section][et_pb_section fb_built=&#8221;1&#8243; _builder_version=&#8221;4.17.6&#8243; _module_preset=&#8221;default&#8221; background_image=&#8221;https:\/\/cbacred.org.br\/site\/wp-content\/uploads\/2022\/07\/bg1.png&#8221; background_size=&#8221;initial&#8221; background_position=&#8221;bottom_right&#8221; global_colors_info=&#8221;{}&#8221;][et_pb_row _builder_version=&#8221;4.18.0&#8243; _module_preset=&#8221;default&#8221; custom_margin=&#8221;||0px||false|false&#8221; custom_padding=&#8221;||0px||false|false&#8221; global_colors_info=&#8221;{}&#8221;][et_pb_column type=&#8221;4_4&#8243; _builder_version=&#8221;4.17.6&#8243; _module_preset=&#8221;default&#8221; global_colors_info=&#8221;{}&#8221;][et_pb_text _builder_version=&#8221;4.18.0&#8243; _module_preset=&#8221;default&#8221; header_font=&#8221;|700|||||||&#8221; header_2_font=&#8221;Raleway|700|||||||&#8221; header_2_text_align=&#8221;left&#8221; header_2_text_color=&#8221;gcid-8c44f9b7-265f-47ed-9c7c-298d05c12eee&#8221; header_2_font_size=&#8221;35px&#8221; custom_margin=&#8221;||0px||false|false&#8221; custom_padding=&#8221;||0px||false|false&#8221; header_2_font_size_tablet=&#8221;32px&#8221; header_2_font_size_phone=&#8221;20px&#8221; header_2_font_size_last_edited=&#8221;on|tablet&#8221; header_2_line_height_tablet=&#8221;1.4em&#8221; header_2_line_height_phone=&#8221;1.6em&#8221; header_2_line_height_last_edited=&#8221;on|tablet&#8221; global_colors_info=&#8221;{%22gcid-8c44f9b7-265f-47ed-9c7c-298d05c12eee%22:%91%22header_2_text_color%22,%22header_2_text_color%22,%22header_2_text_color%22,%22header_2_text_color%22,%22text_text_color%22,%22header_text_color%22%93}&#8221;]<\/p>\n<h1>Cursos<\/h1>\n<h2>Desfechos cl\u00ednicos das linhas de cuidado baseados em valor<\/h2>\n<p>[\/et_pb_text][\/et_pb_column][\/et_pb_row][et_pb_row column_structure=&#8221;3_5,2_5&#8243; _builder_version=&#8221;4.18.0&#8243; _module_preset=&#8221;default&#8221; background_color=&#8221;#FFFFFF&#8221; global_colors_info=&#8221;{}&#8221;][et_pb_column type=&#8221;3_5&#8243; _builder_version=&#8221;4.17.6&#8243; _module_preset=&#8221;default&#8221; global_colors_info=&#8221;{}&#8221;][et_pb_text _builder_version=&#8221;4.18.0&#8243; _module_preset=&#8221;default&#8221; header_font=&#8221;|700|||||||&#8221; header_2_font=&#8221;Raleway|700|||||||&#8221; header_2_text_align=&#8221;left&#8221; header_2_text_color=&#8221;gcid-8c44f9b7-265f-47ed-9c7c-298d05c12eee&#8221; header_2_font_size=&#8221;36px&#8221; custom_margin=&#8221;||0px||false|false&#8221; custom_padding=&#8221;||0px||false|false&#8221; header_2_font_size_tablet=&#8221;32px&#8221; header_2_font_size_phone=&#8221;20px&#8221; header_2_font_size_last_edited=&#8221;on|tablet&#8221; header_2_line_height_tablet=&#8221;1.4em&#8221; header_2_line_height_phone=&#8221;1.6em&#8221; header_2_line_height_last_edited=&#8221;on|tablet&#8221; global_colors_info=&#8221;{%22gcid-8c44f9b7-265f-47ed-9c7c-298d05c12eee%22:%91%22header_2_text_color%22,%22header_2_text_color%22,%22header_2_text_color%22,%22header_2_text_color%22,%22text_text_color%22,%22header_text_color%22%93}&#8221;]Realiza\u00e7\u00e3o: Cons\u00f3rcio Brasileiro de Acredita\u00e7\u00e3o (CBA)<\/p>\n<p>O Cuidado baseado em Valor, Value-Based Health Care (VBHC) surgiu como uma estrat\u00e9gia para transformar o sistema de sa\u00fade por meio da coleta e monitoriza\u00e7\u00e3o dos desfechos e dos custos, do redesenho do processo assistencial em torno de condi\u00e7\u00f5es cl\u00ednicas e da mudan\u00e7a no modelo de remunera\u00e7\u00e3o por resultado em vez do modelo atual que remunera por volume, por atendimento.<\/p>\n<p>Neste curso vamos abordar os caminhos para o cuidado baseado em valor, bem como planejar e implantar um Programa Cl\u00ednico de Condi\u00e7\u00f5es Cl\u00ednicas e como adequar os processos para conquista da Certifica\u00e7\u00e3o Internacional pela JCI.<\/p>\n<p>Os Programas Cl\u00ednicos, organizados por processos, com equipe especializada e dedicada,diminuem desperd\u00edcios, a escalada dos custos e a variabilidade indesejada da pr\u00e1tica na presta\u00e7\u00e3o dos servi\u00e7os.<\/p>\n<p>Enfim, os Programas Cl\u00ednicos s\u00e3o a base para o sucesso da Jornada de Valor nas Institui\u00e7\u00f5es de Sa\u00fade!<\/p>\n<p>Dias: 31\/08, 02, 09, 14 e 16\/09<\/p>\n<p>Fa\u00e7a sua inscri\u00e7\u00e3o e receba mais informa\u00e7\u00f5es em nossos canais de atendimento site: www.cbacred.org.br<\/p>\n<p>    WhatsApp: 21 3299-8233<br \/>\n    E-mail: cba@cbacred.org.br[\/et_pb_text][\/et_pb_column][et_pb_column type=&#8221;2_5&#8243; _builder_version=&#8221;4.17.6&#8243; _module_preset=&#8221;default&#8221; global_colors_info=&#8221;{}&#8221;][et_pb_sidebar area=&#8221;et_pb_widget_area_2&#8243; _builder_version=&#8221;4.18.0&#8243; _module_preset=&#8221;default&#8221; hover_enabled=&#8221;0&#8243; locked=&#8221;off&#8221; global_colors_info=&#8221;{}&#8221; sticky_enabled=&#8221;0&#8243;][\/et_pb_sidebar][et_pb_text _builder_version=&#8221;4.18.0&#8243; _module_preset=&#8221;default&#8221; global_colors_info=&#8221;{}&#8221;]<\/p>\n<h2 style=\"text-align: center;\">Realiza\u00e7\u00e3o:<\/h2>\n<p>[\/et_pb_text][et_pb_image src=&#8221;https:\/\/cbacred.org.br\/site\/wp-content\/uploads\/2022\/09\/CBA-Education_Vertical_Completa_CMYK-300&#215;185-1.jpg&#8221; title_text=&#8221;CBA-Education_Vertical_Completa_CMYK-300&#215;185&#8243; align=&#8221;center&#8221; _builder_version=&#8221;4.18.0&#8243; _module_preset=&#8221;default&#8221; global_colors_info=&#8221;{}&#8221;][\/et_pb_image][et_pb_divider _builder_version=&#8221;4.18.0&#8243; _module_preset=&#8221;default&#8221; global_colors_info=&#8221;{}&#8221;][\/et_pb_divider][et_pb_image src=&#8221;https:\/\/cbacred.org.br\/site\/wp-content\/uploads\/2022\/09\/whatsapp.jpg&#8221; title_text=&#8221;whatsapp&#8221; url=&#8221;https:\/\/wa.me\/\/552132998233&#8243; url_new_window=&#8221;on&#8221; align=&#8221;center&#8221; _builder_version=&#8221;4.18.0&#8243; _module_preset=&#8221;default&#8221; width=&#8221;20%&#8221; max_width=&#8221;20%&#8221; global_colors_info=&#8221;{}&#8221;][\/et_pb_image][et_pb_button button_url=&#8221;http:\/\/ead.cbacred.org.br\/curso\/curso-on-line-desfechos-clinicos-das-linhas-de-cuidado-baseados-em-valor&#8221; url_new_window=&#8221;on&#8221; button_text=&#8221;Inscreva-se&#8221; button_alignment=&#8221;center&#8221; _builder_version=&#8221;4.18.0&#8243; _module_preset=&#8221;default&#8221; custom_padding=&#8221;|20%||20%|false|true&#8221; global_colors_info=&#8221;{}&#8221;][\/et_pb_button][\/et_pb_column][\/et_pb_row][\/et_pb_section][et_pb_section fb_built=&#8221;1&#8243; admin_label=&#8221;Footer&#8221; _builder_version=&#8221;4.17.6&#8243; _module_preset=&#8221;default&#8221; background_enable_color=&#8221;off&#8221; background_image=&#8221;https:\/\/cbacred.org.br\/site\/wp-content\/uploads\/2022\/07\/bg2.png&#8221; background_size=&#8221;initial&#8221; background_position=&#8221;top_right&#8221; min_height=&#8221;376.8px&#8221; custom_margin=&#8221;||||false|false&#8221; custom_padding=&#8221;0px||||false|false&#8221; background_last_edited=&#8221;on|desktop&#8221; background_size_phone=&#8221;cover&#8221; background_position_phone=&#8221;top_left&#8221; background_horizontal_offset_tablet=&#8221;7%&#8221; background_horizontal_offset_phone=&#8221;74%&#8221; global_module=&#8221;4023&#8243; saved_tabs=&#8221;all&#8221; locked=&#8221;off&#8221; global_colors_info=&#8221;{}&#8221;][et_pb_row column_structure=&#8221;1_3,1_3,1_3&#8243; _builder_version=&#8221;4.17.6&#8243; _module_preset=&#8221;default&#8221; global_colors_info=&#8221;{}&#8221;][et_pb_column type=&#8221;1_3&#8243; _builder_version=&#8221;4.16&#8243; _module_preset=&#8221;default&#8221; global_colors_info=&#8221;{}&#8221;][et_pb_social_media_follow use_icon_font_size=&#8221;on&#8221; icon_font_size=&#8221;21px&#8221; _builder_version=&#8221;4.17.6&#8243; _module_preset=&#8221;default&#8221; text_orientation=&#8221;left&#8221; custom_margin=&#8221;||0px||false|false&#8221; custom_padding=&#8221;||0px||false|false&#8221; border_radii=&#8221;on|100px|100px|100px|100px&#8221; border_width_all=&#8221;9px&#8221; border_color_all=&#8221;gcid-8c44f9b7-265f-47ed-9c7c-298d05c12eee&#8221; global_colors_info=&#8221;{%22gcid-8c44f9b7-265f-47ed-9c7c-298d05c12eee%22:%91%22border_color_all%22%93}&#8221;][et_pb_social_media_follow_network social_network=&#8221;linkedin&#8221; url=&#8221;https:\/\/www.linkedin.com\/company\/acreditacaointernacional\/&#8221; _builder_version=&#8221;4.17.6&#8243; _module_preset=&#8221;default&#8221; background_color=&#8221;#007bb6&#8243; global_colors_info=&#8221;{}&#8221; follow_button=&#8221;off&#8221; url_new_window=&#8221;on&#8221;]linkedin[\/et_pb_social_media_follow_network][et_pb_social_media_follow_network social_network=&#8221;whatsapp&#8221; url=&#8221;https:\/\/wa.me\/552132998200&#8243; _builder_version=&#8221;4.17.6&#8243; _module_preset=&#8221;default&#8221; background_color=&#8221;#25D366&#8243; global_colors_info=&#8221;{}&#8221; follow_button=&#8221;off&#8221; url_new_window=&#8221;on&#8221;]whatsapp[\/et_pb_social_media_follow_network][et_pb_social_media_follow_network social_network=&#8221;instagram&#8221; url=&#8221;https:\/\/www.instagram.com\/acreditacaointernacional\/&#8221; _builder_version=&#8221;4.17.6&#8243; _module_preset=&#8221;default&#8221; background_color=&#8221;#ea2c59&#8243; global_colors_info=&#8221;{}&#8221; follow_button=&#8221;off&#8221; url_new_window=&#8221;on&#8221;]instagram[\/et_pb_social_media_follow_network][\/et_pb_social_media_follow][\/et_pb_column][et_pb_column type=&#8221;1_3&#8243; _builder_version=&#8221;4.16&#8243; _module_preset=&#8221;default&#8221; global_colors_info=&#8221;{}&#8221;][et_pb_text content_tablet=&#8221;&#8221; content_phone=&#8221;<\/p>\n<h3>Rio de Janeiro<\/h3>\n<p>R. da Alf\u00e2ndega, 100\/3\u00ba andar,<br \/>Centro &#8211; Rio de Janeiro \u2013 RJ<\/p>\n<p>&#8221; content_last_edited=&#8221;on|phone&#8221; _builder_version=&#8221;4.17.6&#8243; _module_preset=&#8221;29bb3e4b-c4aa-4616-b935-758c4e4734e8&#8243; text_font=&#8221;Raleway||||||||&#8221; text_text_color=&#8221;#FFFFFF&#8221; text_font_size=&#8221;16px&#8221; header_font=&#8221;||||||||&#8221; header_3_font=&#8221;Poppins|600|||||||&#8221; header_3_text_color=&#8221;#FFFFFF&#8221; header_3_font_size=&#8221;20px&#8221; header_3_line_height=&#8221;1.5em&#8221; custom_margin=&#8221;||10px||false|false&#8221; header_3_font_size_tablet=&#8221;18px&#8221; header_3_font_size_phone=&#8221;16px&#8221; header_3_font_size_last_edited=&#8221;on|tablet&#8221; header_3_line_height_tablet=&#8221;1.7em&#8221; header_3_line_height_phone=&#8221;1.8em&#8221; header_3_line_height_last_edited=&#8221;on|phone&#8221; locked=&#8221;off&#8221; global_colors_info=&#8221;{}&#8221;]<\/p>\n<h3>Rio de Janeiro<\/h3>\n<p>R. da Alf\u00e2ndega, 100\/3\u00ba andar,<br \/>Centro &#8211; Rio de Janeiro \u2013 RJ<\/p>\n<p>&nbsp;<\/p>\n<p>&nbsp;<\/p>\n<p>[\/et_pb_text][\/et_pb_column][et_pb_column type=&#8221;1_3&#8243; _builder_version=&#8221;4.16&#8243; _module_preset=&#8221;default&#8221; global_colors_info=&#8221;{}&#8221;][et_pb_button button_url=&#8221;#&#8221; button_text=&#8221;+55 21 3299-8200&#8243; button_alignment=&#8221;left&#8221; _builder_version=&#8221;4.17.6&#8243; _module_preset=&#8221;default&#8221; custom_button=&#8221;on&#8221; button_text_size=&#8221;17px&#8221; button_border_width=&#8221;0px&#8221; button_icon=&#8221;&#xe090;||divi||400&#8243; button_icon_color=&#8221;#FFFFFF&#8221; button_icon_placement=&#8221;left&#8221; button_on_hover=&#8221;off&#8221; background_layout=&#8221;dark&#8221; custom_margin=&#8221;0px||0px||false|false&#8221; custom_padding=&#8221;0px||0px||false|false&#8221; global_colors_info=&#8221;{}&#8221;][\/et_pb_button][et_pb_button button_url=&#8221;mailto:cba@cbared.org.br&#8221; url_new_window=&#8221;on&#8221; button_text=&#8221;cba@cbared.org.br&#8221; button_alignment=&#8221;left&#8221; _builder_version=&#8221;4.17.6&#8243; _module_preset=&#8221;default&#8221; custom_button=&#8221;on&#8221; button_text_size=&#8221;17px&#8221; button_border_width=&#8221;0px&#8221; button_icon=&#8221;&#xe076;||divi||400&#8243; button_icon_color=&#8221;#FFFFFF&#8221; button_icon_placement=&#8221;left&#8221; button_on_hover=&#8221;off&#8221; background_layout=&#8221;dark&#8221; custom_margin=&#8221;0px||0px||false|false&#8221; custom_padding=&#8221;0px||0px||false|false&#8221; global_colors_info=&#8221;{}&#8221;][\/et_pb_button][\/et_pb_column][\/et_pb_row][et_pb_row _builder_version=&#8221;4.18.0&#8243; _module_preset=&#8221;default&#8221; global_colors_info=&#8221;{}&#8221;][et_pb_column type=&#8221;4_4&#8243; _builder_version=&#8221;4.18.0&#8243; _module_preset=&#8221;default&#8221; global_colors_info=&#8221;{}&#8221;][et_pb_text _builder_version=&#8221;4.18.0&#8243; _module_preset=&#8221;default&#8221; text_text_color=&#8221;#FFFFFF&#8221; link_text_color=&#8221;#FFFFFF&#8221; global_colors_info=&#8221;{}&#8221;]<\/p>\n<p><span>2022 \u00a9\u00a0 Cons\u00f3rcio Brasileiro de Acredita\u00e7\u00e3o &#8211; Todos os direitos reservados\u00a0 \u00a0| \u00a0\u00a0 <\/span><strong><a href=\"https:\/\/cbacred.org.br\/site\/politica-de-privacidade\/\">Pol\u00edtica de privacidade<\/a><\/strong><\/p>\n<p>[\/et_pb_text][\/et_pb_column][\/et_pb_row][\/et_pb_section]<\/p>\n","protected":false},"excerpt":{"rendered":"<p>Cursos Desfechos cl\u00ednicos das linhas de cuidado baseados em valorRealiza\u00e7\u00e3o: Cons\u00f3rcio Brasileiro de Acredita\u00e7\u00e3o (CBA) O Cuidado baseado em Valor, Value-Based Health Care (VBHC) surgiu como uma estrat\u00e9gia para transformar o sistema de sa\u00fade por meio da coleta e monitoriza\u00e7\u00e3o dos desfechos e dos custos, do redesenho do processo assistencial em torno de condi\u00e7\u00f5es cl\u00ednicas [&hellip;]<\/p>\n","protected":false},"author":1,"featured_media":0,"parent":4235,"menu_order":0,"comment_status":"closed","ping_status":"closed","template":"","meta":{"_et_pb_use_builder":"on","_et_pb_old_content":"","_et_gb_content_width":"","footnotes":""},"yoast_head":"<!-- This site is optimized with the Yoast SEO plugin v23.1 - https:\/\/yoast.com\/wordpress\/plugins\/seo\/ -->\n<title>Desfechos cl\u00ednicos das linhas de cuidado baseados em valor - CBA<\/title>\n<meta name=\"robots\" content=\"index, follow, max-snippet:-1, max-image-preview:large, max-video-preview:-1\" \/>\n<link rel=\"canonical\" href=\"https:\/\/cbacred.org.br\/site\/cursos\/desfechos-clinicos-das-linhas-de-cuidado-baseados-em-valor\/\" \/>\n<meta property=\"og:locale\" content=\"pt_BR\" \/>\n<meta property=\"og:type\" content=\"article\" \/>\n<meta property=\"og:title\" content=\"Desfechos cl\u00ednicos das linhas de cuidado baseados em valor - CBA\" \/>\n<meta property=\"og:description\" content=\"Cursos Desfechos cl\u00ednicos das linhas de cuidado baseados em valorRealiza\u00e7\u00e3o: Cons\u00f3rcio Brasileiro de Acredita\u00e7\u00e3o (CBA) O Cuidado baseado em Valor, Value-Based Health Care (VBHC) surgiu como uma estrat\u00e9gia para transformar o sistema de sa\u00fade por meio da coleta e monitoriza\u00e7\u00e3o dos desfechos e dos custos, do redesenho do processo assistencial em torno de condi\u00e7\u00f5es cl\u00ednicas [&hellip;]\" \/>\n<meta property=\"og:url\" content=\"https:\/\/cbacred.org.br\/site\/cursos\/desfechos-clinicos-das-linhas-de-cuidado-baseados-em-valor\/\" \/>\n<meta property=\"og:site_name\" content=\"CBA\" \/>\n<meta property=\"article:modified_time\" content=\"2022-10-11T19:36:30+00:00\" \/>\n<meta name=\"twitter:card\" content=\"summary_large_image\" \/>\n<meta name=\"twitter:label1\" content=\"Est. tempo de leitura\" \/>\n\t<meta name=\"twitter:data1\" content=\"8 minutos\" \/>\n<script type=\"application\/ld+json\" class=\"yoast-schema-graph\">{\"@context\":\"https:\/\/schema.org\",\"@graph\":[{\"@type\":\"WebPage\",\"@id\":\"https:\/\/cbacred.org.br\/site\/cursos\/desfechos-clinicos-das-linhas-de-cuidado-baseados-em-valor\/\",\"url\":\"https:\/\/cbacred.org.br\/site\/cursos\/desfechos-clinicos-das-linhas-de-cuidado-baseados-em-valor\/\",\"name\":\"Desfechos cl\u00ednicos das linhas de cuidado baseados em valor - CBA\",\"isPartOf\":{\"@id\":\"https:\/\/cbacred.org.br\/site\/#website\"},\"datePublished\":\"2022-09-13T21:22:43+00:00\",\"dateModified\":\"2022-10-11T19:36:30+00:00\",\"breadcrumb\":{\"@id\":\"https:\/\/cbacred.org.br\/site\/cursos\/desfechos-clinicos-das-linhas-de-cuidado-baseados-em-valor\/#breadcrumb\"},\"inLanguage\":\"pt-BR\",\"potentialAction\":[{\"@type\":\"ReadAction\",\"target\":[\"https:\/\/cbacred.org.br\/site\/cursos\/desfechos-clinicos-das-linhas-de-cuidado-baseados-em-valor\/\"]}]},{\"@type\":\"BreadcrumbList\",\"@id\":\"https:\/\/cbacred.org.br\/site\/cursos\/desfechos-clinicos-das-linhas-de-cuidado-baseados-em-valor\/#breadcrumb\",\"itemListElement\":[{\"@type\":\"ListItem\",\"position\":1,\"name\":\"In\u00edcio\",\"item\":\"https:\/\/cbacred.org.br\/site\/\"},{\"@type\":\"ListItem\",\"position\":2,\"name\":\"Cursos\",\"item\":\"https:\/\/cbacred.org.br\/site\/cursos\/\"},{\"@type\":\"ListItem\",\"position\":3,\"name\":\"Desfechos cl\u00ednicos das linhas de cuidado baseados em valor\"}]},{\"@type\":\"WebSite\",\"@id\":\"https:\/\/cbacred.org.br\/site\/#website\",\"url\":\"https:\/\/cbacred.org.br\/site\/\",\"name\":\"CBA\",\"description\":\"Cons\u00f3rcio Brasileiro de Acredita\u00e7\u00e3o\",\"potentialAction\":[{\"@type\":\"SearchAction\",\"target\":{\"@type\":\"EntryPoint\",\"urlTemplate\":\"https:\/\/cbacred.org.br\/site\/?s={search_term_string}\"},\"query-input\":\"required name=search_term_string\"}],\"inLanguage\":\"pt-BR\"}]}<\/script>\n<!-- \/ Yoast SEO plugin. -->","yoast_head_json":{"title":"Desfechos cl\u00ednicos das linhas de cuidado baseados em valor - CBA","robots":{"index":"index","follow":"follow","max-snippet":"max-snippet:-1","max-image-preview":"max-image-preview:large","max-video-preview":"max-video-preview:-1"},"canonical":"https:\/\/cbacred.org.br\/site\/cursos\/desfechos-clinicos-das-linhas-de-cuidado-baseados-em-valor\/","og_locale":"pt_BR","og_type":"article","og_title":"Desfechos cl\u00ednicos das linhas de cuidado baseados em valor - CBA","og_description":"Cursos Desfechos cl\u00ednicos das linhas de cuidado baseados em valorRealiza\u00e7\u00e3o: Cons\u00f3rcio Brasileiro de Acredita\u00e7\u00e3o (CBA) O Cuidado baseado em Valor, Value-Based Health Care (VBHC) surgiu como uma estrat\u00e9gia para transformar o sistema de sa\u00fade por meio da coleta e monitoriza\u00e7\u00e3o dos desfechos e dos custos, do redesenho do processo assistencial em torno de condi\u00e7\u00f5es cl\u00ednicas [&hellip;]","og_url":"https:\/\/cbacred.org.br\/site\/cursos\/desfechos-clinicos-das-linhas-de-cuidado-baseados-em-valor\/","og_site_name":"CBA","article_modified_time":"2022-10-11T19:36:30+00:00","twitter_card":"summary_large_image","twitter_misc":{"Est. tempo de leitura":"8 minutos"},"schema":{"@context":"https:\/\/schema.org","@graph":[{"@type":"WebPage","@id":"https:\/\/cbacred.org.br\/site\/cursos\/desfechos-clinicos-das-linhas-de-cuidado-baseados-em-valor\/","url":"https:\/\/cbacred.org.br\/site\/cursos\/desfechos-clinicos-das-linhas-de-cuidado-baseados-em-valor\/","name":"Desfechos cl\u00ednicos das linhas de cuidado baseados em valor - CBA","isPartOf":{"@id":"https:\/\/cbacred.org.br\/site\/#website"},"datePublished":"2022-09-13T21:22:43+00:00","dateModified":"2022-10-11T19:36:30+00:00","breadcrumb":{"@id":"https:\/\/cbacred.org.br\/site\/cursos\/desfechos-clinicos-das-linhas-de-cuidado-baseados-em-valor\/#breadcrumb"},"inLanguage":"pt-BR","potentialAction":[{"@type":"ReadAction","target":["https:\/\/cbacred.org.br\/site\/cursos\/desfechos-clinicos-das-linhas-de-cuidado-baseados-em-valor\/"]}]},{"@type":"BreadcrumbList","@id":"https:\/\/cbacred.org.br\/site\/cursos\/desfechos-clinicos-das-linhas-de-cuidado-baseados-em-valor\/#breadcrumb","itemListElement":[{"@type":"ListItem","position":1,"name":"In\u00edcio","item":"https:\/\/cbacred.org.br\/site\/"},{"@type":"ListItem","position":2,"name":"Cursos","item":"https:\/\/cbacred.org.br\/site\/cursos\/"},{"@type":"ListItem","position":3,"name":"Desfechos cl\u00ednicos das linhas de cuidado baseados em valor"}]},{"@type":"WebSite","@id":"https:\/\/cbacred.org.br\/site\/#website","url":"https:\/\/cbacred.org.br\/site\/","name":"CBA","description":"Cons\u00f3rcio Brasileiro de Acredita\u00e7\u00e3o","potentialAction":[{"@type":"SearchAction","target":{"@type":"EntryPoint","urlTemplate":"https:\/\/cbacred.org.br\/site\/?s={search_term_string}"},"query-input":"required name=search_term_string"}],"inLanguage":"pt-BR"}]}},"_links":{"self":[{"href":"https:\/\/www.cbacred.org.br\/site\/wp-json\/wp\/v2\/pages\/4265"}],"collection":[{"href":"https:\/\/www.cbacred.org.br\/site\/wp-json\/wp\/v2\/pages"}],"about":[{"href":"https:\/\/www.cbacred.org.br\/site\/wp-json\/wp\/v2\/types\/page"}],"author":[{"embeddable":true,"href":"https:\/\/www.cbacred.org.br\/site\/wp-json\/wp\/v2\/users\/1"}],"replies":[{"embeddable":true,"href":"https:\/\/www.cbacred.org.br\/site\/wp-json\/wp\/v2\/comments?post=4265"}],"version-history":[{"count":7,"href":"https:\/\/www.cbacred.org.br\/site\/wp-json\/wp\/v2\/pages\/4265\/revisions"}],"predecessor-version":[{"id":4429,"href":"https:\/\/www.cbacred.org.br\/site\/wp-json\/wp\/v2\/pages\/4265\/revisions\/4429"}],"up":[{"embeddable":true,"href":"https:\/\/www.cbacred.org.br\/site\/wp-json\/wp\/v2\/pages\/4235"}],"wp:attachment":[{"href":"https:\/\/www.cbacred.org.br\/site\/wp-json\/wp\/v2\/media?parent=4265"}],"curies":[{"name":"wp","href":"https:\/\/api.w.org\/{rel}","templated":true}]}}