{"id":3034,"date":"2021-09-15T17:07:06","date_gmt":"2021-09-15T20:07:06","guid":{"rendered":"https:\/\/sbcomunicacao.com.br\/clientes\/cba\/?page_id=3034"},"modified":"2021-09-15T17:07:06","modified_gmt":"2021-09-15T20:07:06","slug":"miniquali1","status":"publish","type":"page","link":"https:\/\/www.cbacred.org.br\/site\/miniquali1\/","title":{"rendered":"MINI QUALI &#8211; Gerenciamento de Sistema de Alarmes Cl\u00ednicos"},"content":{"rendered":"<p><img decoding=\"async\" width=\"230\" height=\"48\" src=\"https:\/\/sbcomunicacao.com.br\/clientes\/cba\/wp-content\/uploads\/2019\/04\/logo_cba_topo.png\" alt=\"\" loading=\"lazy\" srcset=\"https:\/\/sbcomunicacao.com.br\/clientes\/cba\/wp-content\/uploads\/2019\/04\/logo_cba_topo.png 230w, https:\/\/sbcomunicacao.com.br\/clientes\/cba\/wp-content\/uploads\/2019\/04\/logo_cba_topo-50x10.png 50w\" sizes=\"(max-width: 230px) 100vw, 230px\" \/><br \/>\n\t\t\t\t\t\t\t\t\t\t\t\t<img decoding=\"async\" width=\"1920\" height=\"600\" src=\"https:\/\/sbcomunicacao.com.br\/clientes\/cba\/wp-content\/uploads\/2021\/10\/SLIDES-2.jpg\" alt=\"\" loading=\"lazy\" srcset=\"https:\/\/sbcomunicacao.com.br\/clientes\/cba\/wp-content\/uploads\/2021\/10\/SLIDES-2.jpg 1920w, https:\/\/sbcomunicacao.com.br\/clientes\/cba\/wp-content\/uploads\/2021\/10\/SLIDES-2-300x94.jpg 300w, https:\/\/sbcomunicacao.com.br\/clientes\/cba\/wp-content\/uploads\/2021\/10\/SLIDES-2-1024x320.jpg 1024w, https:\/\/sbcomunicacao.com.br\/clientes\/cba\/wp-content\/uploads\/2021\/10\/SLIDES-2-768x240.jpg 768w, https:\/\/sbcomunicacao.com.br\/clientes\/cba\/wp-content\/uploads\/2021\/10\/SLIDES-2-1536x480.jpg 1536w, https:\/\/sbcomunicacao.com.br\/clientes\/cba\/wp-content\/uploads\/2021\/10\/SLIDES-2-160x50.jpg 160w, https:\/\/sbcomunicacao.com.br\/clientes\/cba\/wp-content\/uploads\/2021\/10\/SLIDES-2-650x203.jpg 650w, https:\/\/sbcomunicacao.com.br\/clientes\/cba\/wp-content\/uploads\/2021\/10\/SLIDES-2-1000x313.jpg 1000w, https:\/\/sbcomunicacao.com.br\/clientes\/cba\/wp-content\/uploads\/2021\/10\/SLIDES-2-50x16.jpg 50w\" sizes=\"(max-width: 1920px) 100vw, 1920px\" \/><br \/>\n\t\t\t\t\t\t\t\t\t\t\t\t<img decoding=\"async\" src=\"https:\/\/sbcomunicacao.com.br\/clientes\/cba\/wp-content\/uploads\/2021\/09\/Copia-de-mini-quali.png\" title=\"\" alt=\"\" \/>\t\t\t\t\t\t\t\t\t\t\t\t\t\t<\/p>\n<p><strong>Gerenciamento de Sistema de Alarmes Cl\u00ednicos<\/strong><\/p>\n<p>Coordena\u00e7\u00e3o Geral: <strong>Liliana Amaral<\/strong><br \/>Coordena\u00e7\u00e3o de Conte\u00fado: <strong>Sem\u00e9ia Corral<\/strong><\/p>\n<p>Instrutoras:<strong> Liliana Amaral e Carolina Amorim<\/strong><\/p>\n<p><strong>Conte\u00fado<\/strong>:<br \/>Conceitos de qualidade e seguran\u00e7a no gerenciamento de alarmes cl\u00ednicos<br \/>Padr\u00f5es JCI do Manual Hospitalar s\u00e9tima edi\u00e7\u00e3o<br \/>Programa de Gerenciamento de Sistema de Alarmes Cl\u00ednicos<br \/>Aplicabilidade do Programa de Gerenciamento de Sistema de Alarmes Cl\u00ednicos<br \/>Monitoramento do Programa<br \/>Reconhecimento de mudan\u00e7as na condi\u00e7\u00e3o do paciente<br \/>Protocolo de Deteriora\u00e7\u00e3o Cl\u00ednica<br \/>An\u00e1lise de dados e acompanhamento dos desfechos<br \/>Informa\u00e7\u00f5es sobre ciencia da melhoria<\/p>\n<p>Valor do Investimento: <strong>R$ 450,00<\/strong><\/p>\n<p><a href=\"https:\/\/www.linkedin.com\/company\/acreditacaointernacional\/\" target=\"_blank\" rel=\"noopener\"><img loading=\"lazy\" decoding=\"async\" src=\"https:\/\/sbcomunicacao.com.br\/clientes\/cba\/wp-content\/uploads\/2021\/05\/linkedin2-300x300.png\" alt=\"\" width=\"84\" height=\"84\" \/><\/a><a href=\"https:\/\/wa.me\/552132998233\" target=\"_blank\" rel=\"noopener\"><img loading=\"lazy\" decoding=\"async\" src=\"https:\/\/sbcomunicacao.com.br\/clientes\/cba\/wp-content\/uploads\/2021\/05\/whatsapp3-300x300.png\" alt=\"\" width=\"86\" height=\"86\" \/><\/a> <a href=\"https:\/\/www.instagram.com\/acreditacaointernacional\/\" target=\"_blank\" rel=\"noopener\"><img loading=\"lazy\" decoding=\"async\" src=\"https:\/\/sbcomunicacao.com.br\/clientes\/cba\/wp-content\/uploads\/2021\/05\/instagram-300x300.png\" alt=\"\" width=\"84\" height=\"84\" \/> <\/a><\/p>\n<h4>Rio de Janeiro &#8211; Cursos e eventos<\/h4>\n<p>Av. Rio Branco, 124 12\u00ba Andar \u2013 Parte<br \/>Centro \u2013 Rio de Janeiro \u2013 Brasil<br \/>CEP: 20040-916<\/p>\n<ul>\n<li>\n\t\t\t\t\t<a href=\"mailto:comercial@cbacred.org.br\"><br \/>\n\t\t\t\t\t\t\t\t\t\t+55 21 3299-8233<br \/>\n\t\t\t\t\t\t\t\t\t\t\t<\/a>\n\t\t\t\t\t\t\t\t\t<\/li>\n<li>\n\t\t\t\t\t<a href=\"mailto:comercial@cbacred.org.br\"><br \/>\n\t\t\t\t\t\t\t\t\t\tcomercial@cbared.org.br<br \/>\n\t\t\t\t\t\t\t\t\t\t\t<\/a>\n\t\t\t\t\t\t\t\t\t<\/li>\n<\/ul>\n<p>2021\u00a0 \u00a9\u00a0 Cons\u00f3rcio Brasileiro de Acredita\u00e7\u00e3o\u00a0<\/p>\n<p><strong><a href=\"https:\/\/sbcomunicacao.com.br\/clientes\/cba\/politica-de-privacidade\/\">Pol\u00edtica de privacidade<\/a><\/strong><\/p>\n<p>\t\t\t\t\t\t\t\t\t\t\t\t<img decoding=\"async\" width=\"541\" height=\"358\" src=\"https:\/\/sbcomunicacao.com.br\/clientes\/cba\/wp-content\/uploads\/2019\/02\/grafismo_rodape_01.png\" alt=\"\" loading=\"lazy\" srcset=\"https:\/\/sbcomunicacao.com.br\/clientes\/cba\/wp-content\/uploads\/2019\/02\/grafismo_rodape_01.png 541w, https:\/\/sbcomunicacao.com.br\/clientes\/cba\/wp-content\/uploads\/2019\/02\/grafismo_rodape_01-300x199.png 300w, https:\/\/sbcomunicacao.com.br\/clientes\/cba\/wp-content\/uploads\/2019\/02\/grafismo_rodape_01-76x50.png 76w, https:\/\/sbcomunicacao.com.br\/clientes\/cba\/wp-content\/uploads\/2019\/02\/grafismo_rodape_01-50x33.png 50w\" sizes=\"(max-width: 541px) 100vw, 541px\" \/><\/p>\n","protected":false},"excerpt":{"rendered":"<p>Gerenciamento de Sistema de Alarmes Cl\u00ednicos Coordena\u00e7\u00e3o Geral: Liliana AmaralCoordena\u00e7\u00e3o de Conte\u00fado: Sem\u00e9ia Corral Instrutoras: Liliana Amaral e Carolina Amorim Conte\u00fado:Conceitos de qualidade e seguran\u00e7a no gerenciamento de alarmes cl\u00ednicosPadr\u00f5es JCI do Manual Hospitalar s\u00e9tima edi\u00e7\u00e3oPrograma de Gerenciamento de Sistema de Alarmes Cl\u00ednicosAplicabilidade do Programa de Gerenciamento de Sistema de Alarmes Cl\u00ednicosMonitoramento do ProgramaReconhecimento de [&hellip;]<\/p>\n","protected":false},"author":1,"featured_media":0,"parent":0,"menu_order":0,"comment_status":"closed","ping_status":"closed","template":"elementor_canvas","meta":{"_et_pb_use_builder":"","_et_pb_old_content":"","_et_gb_content_width":"","footnotes":""},"yoast_head":"<!-- This site is optimized with the Yoast SEO plugin v23.1 - https:\/\/yoast.com\/wordpress\/plugins\/seo\/ -->\n<title>MINI QUALI - Gerenciamento de Sistema de Alarmes Cl\u00ednicos - CBA<\/title>\n<meta name=\"robots\" content=\"index, follow, max-snippet:-1, max-image-preview:large, max-video-preview:-1\" \/>\n<link rel=\"canonical\" href=\"https:\/\/www.cbacred.org.br\/site\/miniquali1\/\" \/>\n<meta property=\"og:locale\" content=\"pt_BR\" \/>\n<meta property=\"og:type\" content=\"article\" \/>\n<meta property=\"og:title\" content=\"MINI QUALI - Gerenciamento de Sistema de Alarmes Cl\u00ednicos - CBA\" \/>\n<meta property=\"og:description\" content=\"Gerenciamento de Sistema de Alarmes Cl\u00ednicos Coordena\u00e7\u00e3o Geral: Liliana AmaralCoordena\u00e7\u00e3o de Conte\u00fado: Sem\u00e9ia Corral Instrutoras: Liliana Amaral e Carolina Amorim Conte\u00fado:Conceitos de qualidade e seguran\u00e7a no gerenciamento de alarmes cl\u00ednicosPadr\u00f5es JCI do Manual Hospitalar s\u00e9tima edi\u00e7\u00e3oPrograma de Gerenciamento de Sistema de Alarmes Cl\u00ednicosAplicabilidade do Programa de Gerenciamento de Sistema de Alarmes Cl\u00ednicosMonitoramento do ProgramaReconhecimento de [&hellip;]\" \/>\n<meta property=\"og:url\" content=\"https:\/\/www.cbacred.org.br\/site\/miniquali1\/\" \/>\n<meta property=\"og:site_name\" content=\"CBA\" \/>\n<meta property=\"og:image\" content=\"https:\/\/sbcomunicacao.com.br\/clientes\/cba\/wp-content\/uploads\/2019\/04\/logo_cba_topo.png\" \/>\n<meta name=\"twitter:card\" content=\"summary_large_image\" \/>\n<meta name=\"twitter:label1\" content=\"Est. tempo de leitura\" \/>\n\t<meta name=\"twitter:data1\" content=\"4 minutos\" \/>\n<script type=\"application\/ld+json\" class=\"yoast-schema-graph\">{\"@context\":\"https:\/\/schema.org\",\"@graph\":[{\"@type\":\"WebPage\",\"@id\":\"https:\/\/www.cbacred.org.br\/site\/miniquali1\/\",\"url\":\"https:\/\/www.cbacred.org.br\/site\/miniquali1\/\",\"name\":\"MINI QUALI - Gerenciamento de Sistema de Alarmes Cl\u00ednicos - CBA\",\"isPartOf\":{\"@id\":\"https:\/\/cbacred.org.br\/site\/#website\"},\"primaryImageOfPage\":{\"@id\":\"https:\/\/www.cbacred.org.br\/site\/miniquali1\/#primaryimage\"},\"image\":{\"@id\":\"https:\/\/www.cbacred.org.br\/site\/miniquali1\/#primaryimage\"},\"thumbnailUrl\":\"https:\/\/sbcomunicacao.com.br\/clientes\/cba\/wp-content\/uploads\/2019\/04\/logo_cba_topo.png\",\"datePublished\":\"2021-09-15T20:07:06+00:00\",\"dateModified\":\"2021-09-15T20:07:06+00:00\",\"breadcrumb\":{\"@id\":\"https:\/\/www.cbacred.org.br\/site\/miniquali1\/#breadcrumb\"},\"inLanguage\":\"pt-BR\",\"potentialAction\":[{\"@type\":\"ReadAction\",\"target\":[\"https:\/\/www.cbacred.org.br\/site\/miniquali1\/\"]}]},{\"@type\":\"ImageObject\",\"inLanguage\":\"pt-BR\",\"@id\":\"https:\/\/www.cbacred.org.br\/site\/miniquali1\/#primaryimage\",\"url\":\"https:\/\/sbcomunicacao.com.br\/clientes\/cba\/wp-content\/uploads\/2019\/04\/logo_cba_topo.png\",\"contentUrl\":\"https:\/\/sbcomunicacao.com.br\/clientes\/cba\/wp-content\/uploads\/2019\/04\/logo_cba_topo.png\"},{\"@type\":\"BreadcrumbList\",\"@id\":\"https:\/\/www.cbacred.org.br\/site\/miniquali1\/#breadcrumb\",\"itemListElement\":[{\"@type\":\"ListItem\",\"position\":1,\"name\":\"In\u00edcio\",\"item\":\"https:\/\/cbacred.org.br\/site\/\"},{\"@type\":\"ListItem\",\"position\":2,\"name\":\"MINI QUALI &#8211; Gerenciamento de Sistema de Alarmes Cl\u00ednicos\"}]},{\"@type\":\"WebSite\",\"@id\":\"https:\/\/cbacred.org.br\/site\/#website\",\"url\":\"https:\/\/cbacred.org.br\/site\/\",\"name\":\"CBA\",\"description\":\"Cons\u00f3rcio Brasileiro de Acredita\u00e7\u00e3o\",\"potentialAction\":[{\"@type\":\"SearchAction\",\"target\":{\"@type\":\"EntryPoint\",\"urlTemplate\":\"https:\/\/cbacred.org.br\/site\/?s={search_term_string}\"},\"query-input\":\"required name=search_term_string\"}],\"inLanguage\":\"pt-BR\"}]}<\/script>\n<!-- \/ Yoast SEO plugin. -->","yoast_head_json":{"title":"MINI QUALI - Gerenciamento de Sistema de Alarmes Cl\u00ednicos - CBA","robots":{"index":"index","follow":"follow","max-snippet":"max-snippet:-1","max-image-preview":"max-image-preview:large","max-video-preview":"max-video-preview:-1"},"canonical":"https:\/\/www.cbacred.org.br\/site\/miniquali1\/","og_locale":"pt_BR","og_type":"article","og_title":"MINI QUALI - Gerenciamento de Sistema de Alarmes Cl\u00ednicos - CBA","og_description":"Gerenciamento de Sistema de Alarmes Cl\u00ednicos Coordena\u00e7\u00e3o Geral: Liliana AmaralCoordena\u00e7\u00e3o de Conte\u00fado: Sem\u00e9ia Corral Instrutoras: Liliana Amaral e Carolina Amorim Conte\u00fado:Conceitos de qualidade e seguran\u00e7a no gerenciamento de alarmes cl\u00ednicosPadr\u00f5es JCI do Manual Hospitalar s\u00e9tima edi\u00e7\u00e3oPrograma de Gerenciamento de Sistema de Alarmes Cl\u00ednicosAplicabilidade do Programa de Gerenciamento de Sistema de Alarmes Cl\u00ednicosMonitoramento do ProgramaReconhecimento de [&hellip;]","og_url":"https:\/\/www.cbacred.org.br\/site\/miniquali1\/","og_site_name":"CBA","og_image":[{"url":"https:\/\/sbcomunicacao.com.br\/clientes\/cba\/wp-content\/uploads\/2019\/04\/logo_cba_topo.png"}],"twitter_card":"summary_large_image","twitter_misc":{"Est. tempo de leitura":"4 minutos"},"schema":{"@context":"https:\/\/schema.org","@graph":[{"@type":"WebPage","@id":"https:\/\/www.cbacred.org.br\/site\/miniquali1\/","url":"https:\/\/www.cbacred.org.br\/site\/miniquali1\/","name":"MINI QUALI - Gerenciamento de Sistema de Alarmes Cl\u00ednicos - CBA","isPartOf":{"@id":"https:\/\/cbacred.org.br\/site\/#website"},"primaryImageOfPage":{"@id":"https:\/\/www.cbacred.org.br\/site\/miniquali1\/#primaryimage"},"image":{"@id":"https:\/\/www.cbacred.org.br\/site\/miniquali1\/#primaryimage"},"thumbnailUrl":"https:\/\/sbcomunicacao.com.br\/clientes\/cba\/wp-content\/uploads\/2019\/04\/logo_cba_topo.png","datePublished":"2021-09-15T20:07:06+00:00","dateModified":"2021-09-15T20:07:06+00:00","breadcrumb":{"@id":"https:\/\/www.cbacred.org.br\/site\/miniquali1\/#breadcrumb"},"inLanguage":"pt-BR","potentialAction":[{"@type":"ReadAction","target":["https:\/\/www.cbacred.org.br\/site\/miniquali1\/"]}]},{"@type":"ImageObject","inLanguage":"pt-BR","@id":"https:\/\/www.cbacred.org.br\/site\/miniquali1\/#primaryimage","url":"https:\/\/sbcomunicacao.com.br\/clientes\/cba\/wp-content\/uploads\/2019\/04\/logo_cba_topo.png","contentUrl":"https:\/\/sbcomunicacao.com.br\/clientes\/cba\/wp-content\/uploads\/2019\/04\/logo_cba_topo.png"},{"@type":"BreadcrumbList","@id":"https:\/\/www.cbacred.org.br\/site\/miniquali1\/#breadcrumb","itemListElement":[{"@type":"ListItem","position":1,"name":"In\u00edcio","item":"https:\/\/cbacred.org.br\/site\/"},{"@type":"ListItem","position":2,"name":"MINI QUALI &#8211; Gerenciamento de Sistema de Alarmes Cl\u00ednicos"}]},{"@type":"WebSite","@id":"https:\/\/cbacred.org.br\/site\/#website","url":"https:\/\/cbacred.org.br\/site\/","name":"CBA","description":"Cons\u00f3rcio Brasileiro de Acredita\u00e7\u00e3o","potentialAction":[{"@type":"SearchAction","target":{"@type":"EntryPoint","urlTemplate":"https:\/\/cbacred.org.br\/site\/?s={search_term_string}"},"query-input":"required name=search_term_string"}],"inLanguage":"pt-BR"}]}},"_links":{"self":[{"href":"https:\/\/www.cbacred.org.br\/site\/wp-json\/wp\/v2\/pages\/3034"}],"collection":[{"href":"https:\/\/www.cbacred.org.br\/site\/wp-json\/wp\/v2\/pages"}],"about":[{"href":"https:\/\/www.cbacred.org.br\/site\/wp-json\/wp\/v2\/types\/page"}],"author":[{"embeddable":true,"href":"https:\/\/www.cbacred.org.br\/site\/wp-json\/wp\/v2\/users\/1"}],"replies":[{"embeddable":true,"href":"https:\/\/www.cbacred.org.br\/site\/wp-json\/wp\/v2\/comments?post=3034"}],"version-history":[{"count":0,"href":"https:\/\/www.cbacred.org.br\/site\/wp-json\/wp\/v2\/pages\/3034\/revisions"}],"wp:attachment":[{"href":"https:\/\/www.cbacred.org.br\/site\/wp-json\/wp\/v2\/media?parent=3034"}],"curies":[{"name":"wp","href":"https:\/\/api.w.org\/{rel}","templated":true}]}}