{"id":2011,"date":"2019-02-20T18:30:43","date_gmt":"2019-02-20T21:30:43","guid":{"rendered":"https:\/\/sbcomunicacao.com.br\/clientes\/cba\/?page_id=3"},"modified":"2022-10-04T11:24:39","modified_gmt":"2022-10-04T11:24:39","slug":"politica-de-privacidade","status":"publish","type":"page","link":"https:\/\/www.cbacred.org.br\/site\/politica-de-privacidade\/","title":{"rendered":"Pol\u00edtica de privacidade"},"content":{"rendered":"<h2><strong>Quem somos<\/strong><\/h2>\n<p>Nossa Pol\u00edtica de Privacidade visa informar quais e que tipo de informa\u00e7\u00f5es coletamos dos usu\u00e1rios que navegam pelo nosso site e seus subdom\u00ednios. Tamb\u00e9m busca esclarecer de que forma os dados que coletamos nos ajudam a oferecer produtos mais assertivos e como s\u00e3o tratados e armazenados. A pol\u00edtica apresentada atende \u00e0s regras do Marco Civil da Internet e a Lei Geral de Prote\u00e7\u00e3o de Dados e est\u00e1 sujeita a altera\u00e7\u00f5es. Dessa forma, recomendamos sua consulta peri\u00f3dica.<\/p>\n<p>O endere\u00e7o do nosso site \u00e9: <strong>https:\/\/cbared.org.br.<\/strong><\/p>\n<h2><strong>Quais dados pessoais coletamos e porque<\/strong><\/h2>\n<h3><strong>Coment\u00e1rios<\/strong><\/h3>\n<p>Quando os visitantes deixam coment\u00e1rios no site, coletamos os dados mostrados no formul\u00e1rio de coment\u00e1rios, al\u00e9m do endere\u00e7o de IP e de dados do navegador do visitante, para auxiliar na detec\u00e7\u00e3o de spam.<\/p>\n<p>Uma sequ\u00eancia anonimizada de caracteres criada a partir do seu e-mail (tamb\u00e9m chamada de hash) poder\u00e1 ser enviada para o Gravatar para verificar se voc\u00ea usa o servi\u00e7o. A pol\u00edtica de privacidade do Gravatar est\u00e1 dispon\u00edvel aqui: https:\/\/automattic.com\/privacy\/. Depois da aprova\u00e7\u00e3o do seu coment\u00e1rio, a foto do seu perfil fica vis\u00edvel publicamente junto de seu coment\u00e1rio.<\/p>\n<h3><strong>M\u00eddia<\/strong><\/h3>\n<p>Se voc\u00ea envia imagens para o site, evite enviar as que contenham dados de localiza\u00e7\u00e3o incorporados (EXIF GPS). Visitantes podem baixar estas imagens do site e extrair delas seus dados de localiza\u00e7\u00e3o.<\/p>\n<h3><strong>Cookies<\/strong><\/h3>\n<p><strong>Os visitantes do site devem saber que:<\/strong><\/p>\n<p>1 \u2013 As p\u00e1ginas deste site e seus subdom\u00ednios coletam informa\u00e7\u00f5es pessoais, capazes de identificar os usu\u00e1rios, sempre que:<\/p>\n<p style=\"padding-left: 40px;\">a) cadastram-se em nosso site;<\/p>\n<p style=\"padding-left: 40px;\">b) preenchem e\/ou enviam formul\u00e1rios de atendimento;<\/p>\n<p style=\"padding-left: 40px;\">c) entram em contato pelos canais de atendimento online do site.<\/p>\n<p>2 \u2013 Os usu\u00e1rios do site ser\u00e3o sempre informados sobre os dados que est\u00e3o sendo coletados, ficando a seu crit\u00e9rio fornec\u00ea-los ou n\u00e3o.<\/p>\n<p>3 \u2013 Este site e seus subdom\u00ednios tamb\u00e9m recebem e armazenam automaticamente em seus servidores informa\u00e7\u00f5es sobre as atividades do navegador utilizado pelo usu\u00e1rio, incluindo endere\u00e7o IP, p\u00e1ginas visitadas, ID da sess\u00e3o, data e hor\u00e1rio de acesso. Essas informa\u00e7\u00f5es s\u00e3o obtidas atrav\u00e9s de pequenos arquivos de dados conhecidos como <strong>cookies<\/strong>. O cookie \u00e9 enviado e guardado no disco r\u00edgido do computador do usu\u00e1rio e, por possuir um identificador an\u00f4nimo \u00fanico, permite que o usu\u00e1rio seja reconhecido na pr\u00f3xima vez que visitar o site. O usu\u00e1rio pode configurar seu navegador para que seja avisado sobre a recep\u00e7\u00e3o de cookies e, assim, impedir a instala\u00e7\u00e3o em seu computador ou mesmo optar, a qualquer momento, por n\u00e3o mais receber cookies. As informa\u00e7\u00f5es para a desabilita\u00e7\u00e3o de cookies <strong>est\u00e3o nos manuais do pr\u00f3prio navegador<\/strong>. A a\u00e7\u00e3o de desabilitar a recep\u00e7\u00e3o de Cookies \u00e9 <strong>realizada no navegador e no dispositivo<\/strong> \u2013 computador, notebook, celular etc \u2013 que voc\u00ea est\u00e1 utilizando. A opera\u00e7\u00e3o deve ser repetida em navegadores ou dispositivos diferentes, caso deseje. \u00c9 importante ressaltar que os cookies nos auxiliam a oferecer promo\u00e7\u00f5es, ofertas e informa\u00e7\u00f5es mais segmentadas, de acordo com seu perfil. Ao desabilitar os cookies, a intera\u00e7\u00e3o em nosso site pode ser comprometida.<\/p>\n<p>4 \u2013 Este site\u00a0 e seus subdom\u00ednios utilizam pixels de rastreamento ou web beacons, imagens eletr\u00f4nicas transparentes inseridas no c\u00f3digo de p\u00e1ginas web para fun\u00e7\u00f5es semelhantes aos cookies. Tamb\u00e9m utilizamos pixels de rastreamento em e-mails com formata\u00e7\u00e3o HTML para coletar informa\u00e7\u00f5es sobre quais foram abertos e tiveram suas solicita\u00e7\u00f5es respondidas para, assim, medir a efic\u00e1cia de comunicados e campanhas de marketing. A aceita\u00e7\u00e3o de cookies e pixels de rastreamento, bem como o fornecimento de dados pessoais n\u00e3o \u00e9 obrigat\u00f3ria. Assim, o usu\u00e1rio que fornece seus dados concorda e declara conhecer os termos da presente Pol\u00edtica de Privacidade.<\/p>\n<h2><strong>Tipos de cookies utilizados<\/strong><\/h2>\n<p>Alguns cookies s\u00e3o essenciais para que voc\u00ea possa experimentar todas as funcionalidades deste site. Eles permitem manter as sess\u00f5es do usu\u00e1rio e prevenir quaisquer amea\u00e7as \u00e0 seguran\u00e7a. Eles n\u00e3o coletam ou armazenam nenhuma informa\u00e7\u00e3o pessoal. Por exemplo, esses cookies permitem que voc\u00ea fa\u00e7a login em sua conta, caso tenha este privil\u00e9gio. Outros cookies armazenam informa\u00e7\u00f5es como o n\u00famero de visitantes do site, o n\u00famero de visitantes \u00fanicos, quais p\u00e1ginas do site foram visitadas, a origem da visita, etc. Esses dados nos ajudam a compreender e analisar o desempenho do site, sua utiliza\u00e7\u00e3o pelos usu\u00e1rios e a implementar melhorias, quando necess\u00e1rio.<\/p>\n<p>Ao deixar um coment\u00e1rio no site, voc\u00ea poder\u00e1 optar por salvar seu nome, e-mail e site nos cookies. Isso visa seu conforto, assim voc\u00ea n\u00e3o precisar\u00e1 preencher seus dados novamente quando fizer outro coment\u00e1rio. <strong>Estes cookies duram um ano<\/strong>.<\/p>\n<p>Se voc\u00ea tem uma conta e acessa este site, um cookie tempor\u00e1rio ser\u00e1 criado para determinar se seu navegador aceita cookies. Ele n\u00e3o cont\u00e9m nenhum dado pessoal e ser\u00e1 descartado quando voc\u00ea fechar seu navegador.<\/p>\n<p>Quando voc\u00ea acessa sua conta no site, tamb\u00e9m criamos v\u00e1rios cookies para salvar os dados da sua conta e suas escolhas de exibi\u00e7\u00e3o de tela. Cookies de login s\u00e3o mantidos por dois dias e cookies de op\u00e7\u00f5es de tela por um ano. Se voc\u00ea selecionar &#8220;Lembrar-me&#8221;, seu acesso ser\u00e1 mantido por duas semanas. Se voc\u00ea se desconectar da sua conta, os cookies de login ser\u00e3o removidos.<\/p>\n<p>Se voc\u00ea editar ou publicar um artigo, um cookie adicional ser\u00e1 salvo no seu navegador. Este cookie n\u00e3o inclui nenhum dado pessoal e simplesmente indica o ID do post referente ao artigo que voc\u00ea acabou de editar. <strong>Ele expira depois de 1 dia<\/strong>.<\/p>\n<p>A utiliza\u00e7\u00e3o de todos os cookies <strong>pode ser desabilitada ou bloqueada atrav\u00e9s da aba de configura\u00e7\u00f5es do seu navegador<\/strong>.<\/p>\n<h2><strong>M\u00eddia incorporada de outros sites<\/strong><\/h2>\n<p>Artigos neste site podem incluir conte\u00fado incorporado como, por exemplo, v\u00eddeos, imagens, artigos, etc. Conte\u00fados incorporados de outros sites se comportam exatamente da mesma forma como se o visitante estivesse visitando o outro site.<\/p>\n<p>Estes sites podem coletar dados sobre voc\u00ea, usar cookies, incorporar rastreamento adicional de terceiros e monitorar sua intera\u00e7\u00e3o com este conte\u00fado incorporado, incluindo sua intera\u00e7\u00e3o com o conte\u00fado incorporado se voc\u00ea tem uma conta e est\u00e1 conectado com o site.<\/p>\n<h2><strong>Com quem partilhamos seus dados<\/strong><\/h2>\n<p>N\u00e3o compartilhamos seus dados com terceiros. Se voc\u00ea solicitar uma redefini\u00e7\u00e3o de senha, seu endere\u00e7o de IP ser\u00e1 inclu\u00eddo no e-mail de redefini\u00e7\u00e3o de senha. Coment\u00e1rios de visitantes podem ser marcados por um servi\u00e7o autom\u00e1tico de detec\u00e7\u00e3o de spam.<\/p>\n<h2><strong>Por quanto tempo mantemos os seus dados<\/strong><\/h2>\n<p>Se voc\u00ea deixar um coment\u00e1rio, o coment\u00e1rio e os seus metadados s\u00e3o conservados indefinidamente. Fazemos isso para que seja poss\u00edvel reconhecer e aprovar automaticamente qualquer coment\u00e1rio posterior ao inv\u00e9s de ret\u00ea-lo para modera\u00e7\u00e3o.<\/p>\n<p>Para usu\u00e1rios que se registram no nosso site (se houver), tamb\u00e9m guardamos as informa\u00e7\u00f5es pessoais que fornecem no seu perfil de usu\u00e1rio. Todos os usu\u00e1rios podem ver, editar ou excluir suas informa\u00e7\u00f5es pessoais a qualquer momento (s\u00f3 n\u00e3o \u00e9 poss\u00edvel alterar o seu username). Os administradores de sites tamb\u00e9m podem ver e editar estas informa\u00e7\u00f5es.<\/p>\n<h2><strong>Quais os seus direitos sobre seus dados<\/strong><\/h2>\n<p>Se voc\u00ea tiver uma conta neste site ou se tiver deixado coment\u00e1rios, pode solicitar um arquivo exportado dos dados pessoais que mantemos sobre voc\u00ea, inclusive quaisquer dados que nos tenha fornecido. Tamb\u00e9m pode solicitar que removamos qualquer dado pessoal que mantemos sobre voc\u00ea. Isto n\u00e3o inclui nenhuns dados que somos obrigados a manter para prop\u00f3sitos administrativos, legais ou de seguran\u00e7a.<\/p>\n<h2><strong>Como protegemos seus dados<\/strong><\/h2>\n<p><strong>Prote\u00e7\u00e3o de informa\u00e7\u00f5es pessoais<\/strong><\/p>\n<p>Todas as informa\u00e7\u00f5es coletadas s\u00e3o armazenadas em nossos servidores, que seguem medidas organizacionais e t\u00e9cnicas adequadas para proteger dados pessoais e de tr\u00e1fego. Esses dados n\u00e3o est\u00e3o dispon\u00edveis ao acesso p\u00fablico, s\u00f3 podendo ser acessados pelos administradores deste site.<\/p>\n<p><strong>Confidencialidade<\/strong><\/p>\n<p>Os administradores deste site poder\u00e3o fornecer informa\u00e7\u00f5es pessoais a fim de atender a exig\u00eancias legais, exercer seus diretos legais ou se defender contra reivindica\u00e7\u00f5es legais, para proteger seus interesses, combater fraudes, executar suas pol\u00edticas e\/ou proteger os direitos, propriedade ou seguran\u00e7a de terceiros. Salvo disposi\u00e7\u00e3o acima, os dados coletados n\u00e3o ser\u00e3o utilizados por este site para nenhum outro fim que n\u00e3o seja o do cumprimento dos servi\u00e7os disponibilizados e an\u00e1lise de comportamento do usu\u00e1rio. Os administradores e propriet\u00e1rios deste site n\u00e3o poder\u00e3o ser responsabilizados por viola\u00e7\u00f5es dos dados e informa\u00e7\u00f5es resultantes de atos de funcion\u00e1rios, prepostos ou de pessoas autorizadas pelo usu\u00e1rio e nem daquelas resultantes da a\u00e7\u00e3o criminosa ou irregular de terceiros (\u201chackers\u201d).<\/p>\n<h2><strong>Fale conosco<\/strong><\/h2>\n<p>Ao continuar navegando neste site, entendemos que voc\u00ea est\u00e1 de acordo com as pr\u00e1ticas descritas acima. Havendo quaisquer d\u00favidas a respeito desta Pol\u00edtica, entre em contato conosco atrav\u00e9s do e-mail <a href=\"mailto:cba@cbared.org.br\/\">cba@cbared.org.br<\/a><\/p>\n","protected":false},"excerpt":{"rendered":"<p>Quem somos Nossa Pol\u00edtica de Privacidade visa informar quais e que tipo de informa\u00e7\u00f5es coletamos dos usu\u00e1rios que navegam pelo nosso site e seus subdom\u00ednios. Tamb\u00e9m busca esclarecer de que forma os dados que coletamos nos ajudam a oferecer produtos mais assertivos e como s\u00e3o tratados e armazenados. A pol\u00edtica apresentada atende \u00e0s regras do [&hellip;]<\/p>\n","protected":false},"author":1,"featured_media":0,"parent":0,"menu_order":0,"comment_status":"closed","ping_status":"open","template":"","meta":{"_et_pb_use_builder":"","_et_pb_old_content":"","_et_gb_content_width":"","footnotes":""},"yoast_head":"<!-- This site is optimized with the Yoast SEO plugin v23.1 - https:\/\/yoast.com\/wordpress\/plugins\/seo\/ -->\n<title>Pol\u00edtica de privacidade - CBA<\/title>\n<meta name=\"robots\" content=\"index, follow, max-snippet:-1, max-image-preview:large, max-video-preview:-1\" \/>\n<link rel=\"canonical\" href=\"https:\/\/www.cbacred.org.br\/site\/politica-de-privacidade\/\" \/>\n<meta property=\"og:locale\" content=\"pt_BR\" \/>\n<meta property=\"og:type\" content=\"article\" \/>\n<meta property=\"og:title\" content=\"Pol\u00edtica de privacidade - CBA\" \/>\n<meta property=\"og:description\" content=\"Quem somos Nossa Pol\u00edtica de Privacidade visa informar quais e que tipo de informa\u00e7\u00f5es coletamos dos usu\u00e1rios que navegam pelo nosso site e seus subdom\u00ednios. Tamb\u00e9m busca esclarecer de que forma os dados que coletamos nos ajudam a oferecer produtos mais assertivos e como s\u00e3o tratados e armazenados. A pol\u00edtica apresentada atende \u00e0s regras do [&hellip;]\" \/>\n<meta property=\"og:url\" content=\"https:\/\/www.cbacred.org.br\/site\/politica-de-privacidade\/\" \/>\n<meta property=\"og:site_name\" content=\"CBA\" \/>\n<meta property=\"article:modified_time\" content=\"2022-10-04T11:24:39+00:00\" \/>\n<meta name=\"twitter:card\" content=\"summary_large_image\" \/>\n<meta name=\"twitter:label1\" content=\"Est. tempo de leitura\" \/>\n\t<meta name=\"twitter:data1\" content=\"6 minutos\" \/>\n<script type=\"application\/ld+json\" class=\"yoast-schema-graph\">{\"@context\":\"https:\/\/schema.org\",\"@graph\":[{\"@type\":\"WebPage\",\"@id\":\"https:\/\/www.cbacred.org.br\/site\/politica-de-privacidade\/\",\"url\":\"https:\/\/www.cbacred.org.br\/site\/politica-de-privacidade\/\",\"name\":\"Pol\u00edtica de privacidade - CBA\",\"isPartOf\":{\"@id\":\"https:\/\/cbacred.org.br\/site\/#website\"},\"datePublished\":\"2019-02-20T21:30:43+00:00\",\"dateModified\":\"2022-10-04T11:24:39+00:00\",\"breadcrumb\":{\"@id\":\"https:\/\/www.cbacred.org.br\/site\/politica-de-privacidade\/#breadcrumb\"},\"inLanguage\":\"pt-BR\",\"potentialAction\":[{\"@type\":\"ReadAction\",\"target\":[\"https:\/\/www.cbacred.org.br\/site\/politica-de-privacidade\/\"]}]},{\"@type\":\"BreadcrumbList\",\"@id\":\"https:\/\/www.cbacred.org.br\/site\/politica-de-privacidade\/#breadcrumb\",\"itemListElement\":[{\"@type\":\"ListItem\",\"position\":1,\"name\":\"In\u00edcio\",\"item\":\"https:\/\/cbacred.org.br\/site\/\"},{\"@type\":\"ListItem\",\"position\":2,\"name\":\"Pol\u00edtica de privacidade\"}]},{\"@type\":\"WebSite\",\"@id\":\"https:\/\/cbacred.org.br\/site\/#website\",\"url\":\"https:\/\/cbacred.org.br\/site\/\",\"name\":\"CBA\",\"description\":\"Cons\u00f3rcio Brasileiro de Acredita\u00e7\u00e3o\",\"potentialAction\":[{\"@type\":\"SearchAction\",\"target\":{\"@type\":\"EntryPoint\",\"urlTemplate\":\"https:\/\/cbacred.org.br\/site\/?s={search_term_string}\"},\"query-input\":\"required name=search_term_string\"}],\"inLanguage\":\"pt-BR\"}]}<\/script>\n<!-- \/ Yoast SEO plugin. -->","yoast_head_json":{"title":"Pol\u00edtica de privacidade - CBA","robots":{"index":"index","follow":"follow","max-snippet":"max-snippet:-1","max-image-preview":"max-image-preview:large","max-video-preview":"max-video-preview:-1"},"canonical":"https:\/\/www.cbacred.org.br\/site\/politica-de-privacidade\/","og_locale":"pt_BR","og_type":"article","og_title":"Pol\u00edtica de privacidade - CBA","og_description":"Quem somos Nossa Pol\u00edtica de Privacidade visa informar quais e que tipo de informa\u00e7\u00f5es coletamos dos usu\u00e1rios que navegam pelo nosso site e seus subdom\u00ednios. Tamb\u00e9m busca esclarecer de que forma os dados que coletamos nos ajudam a oferecer produtos mais assertivos e como s\u00e3o tratados e armazenados. A pol\u00edtica apresentada atende \u00e0s regras do [&hellip;]","og_url":"https:\/\/www.cbacred.org.br\/site\/politica-de-privacidade\/","og_site_name":"CBA","article_modified_time":"2022-10-04T11:24:39+00:00","twitter_card":"summary_large_image","twitter_misc":{"Est. tempo de leitura":"6 minutos"},"schema":{"@context":"https:\/\/schema.org","@graph":[{"@type":"WebPage","@id":"https:\/\/www.cbacred.org.br\/site\/politica-de-privacidade\/","url":"https:\/\/www.cbacred.org.br\/site\/politica-de-privacidade\/","name":"Pol\u00edtica de privacidade - CBA","isPartOf":{"@id":"https:\/\/cbacred.org.br\/site\/#website"},"datePublished":"2019-02-20T21:30:43+00:00","dateModified":"2022-10-04T11:24:39+00:00","breadcrumb":{"@id":"https:\/\/www.cbacred.org.br\/site\/politica-de-privacidade\/#breadcrumb"},"inLanguage":"pt-BR","potentialAction":[{"@type":"ReadAction","target":["https:\/\/www.cbacred.org.br\/site\/politica-de-privacidade\/"]}]},{"@type":"BreadcrumbList","@id":"https:\/\/www.cbacred.org.br\/site\/politica-de-privacidade\/#breadcrumb","itemListElement":[{"@type":"ListItem","position":1,"name":"In\u00edcio","item":"https:\/\/cbacred.org.br\/site\/"},{"@type":"ListItem","position":2,"name":"Pol\u00edtica de privacidade"}]},{"@type":"WebSite","@id":"https:\/\/cbacred.org.br\/site\/#website","url":"https:\/\/cbacred.org.br\/site\/","name":"CBA","description":"Cons\u00f3rcio Brasileiro de Acredita\u00e7\u00e3o","potentialAction":[{"@type":"SearchAction","target":{"@type":"EntryPoint","urlTemplate":"https:\/\/cbacred.org.br\/site\/?s={search_term_string}"},"query-input":"required name=search_term_string"}],"inLanguage":"pt-BR"}]}},"_links":{"self":[{"href":"https:\/\/www.cbacred.org.br\/site\/wp-json\/wp\/v2\/pages\/2011"}],"collection":[{"href":"https:\/\/www.cbacred.org.br\/site\/wp-json\/wp\/v2\/pages"}],"about":[{"href":"https:\/\/www.cbacred.org.br\/site\/wp-json\/wp\/v2\/types\/page"}],"author":[{"embeddable":true,"href":"https:\/\/www.cbacred.org.br\/site\/wp-json\/wp\/v2\/users\/1"}],"replies":[{"embeddable":true,"href":"https:\/\/www.cbacred.org.br\/site\/wp-json\/wp\/v2\/comments?post=2011"}],"version-history":[{"count":1,"href":"https:\/\/www.cbacred.org.br\/site\/wp-json\/wp\/v2\/pages\/2011\/revisions"}],"predecessor-version":[{"id":4396,"href":"https:\/\/www.cbacred.org.br\/site\/wp-json\/wp\/v2\/pages\/2011\/revisions\/4396"}],"wp:attachment":[{"href":"https:\/\/www.cbacred.org.br\/site\/wp-json\/wp\/v2\/media?parent=2011"}],"curies":[{"name":"wp","href":"https:\/\/api.w.org\/{rel}","templated":true}]}}